{"id":39767,"date":"2025-12-23T15:49:18","date_gmt":"2025-12-23T15:49:18","guid":{"rendered":"https:\/\/eadbentoquirino.com.br\/ead\/?post_type=product&#038;p=39767"},"modified":"2025-12-23T16:23:36","modified_gmt":"2025-12-23T16:23:36","slug":"rematricula-3o-modulo-veterinaria","status":"publish","type":"product","link":"https:\/\/eadbentoquirino.com.br\/ead\/produto\/rematricula-3o-modulo-veterinaria\/","title":{"rendered":"Rematr\u00edcula 3\u00ba M\u00f3dulo Veterin\u00e1ria"},"content":{"rendered":"<p>&nbsp;<\/p>\n<p><strong>\ud83d\udd53 DURA\u00c7\u00c3O DO CURSO: 18 MESES<\/strong><\/p>\n<p><strong>DESCRI\u00c7\u00c3O:<\/strong><\/p>\n<p>O egresso do curso T\u00c9CNICO DE N\u00cdVEL M\u00c9DIO EM VETERIN\u00c1RIA \u00e9 o profissional que auxilia o M\u00e9dico Veterin\u00e1rio nos cuidados gerais com os animais dom\u00e9sticos, silvestres e aqueles de import\u00e2ncia econ\u00f4mica zoot\u00e9cnica e produ\u00e7\u00e3o. Ele exerce atividades de apoio nas cirurgias, em procedimentos de enfermagem veterin\u00e1ria, ministrando medicamentos, vacinas e verm\u00edfugos prescritas, na est\u00e9tica e tamb\u00e9m na higiene.<\/p>\n<p><strong>MERCADO DE TRABALHO:<\/strong><\/p>\n<p>Este profissional pode atuar em cl\u00ednicas e hospitais veterin\u00e1rios, estabelecimentos de est\u00e9tica animal, empresas de nutri\u00e7\u00e3o e reprodu\u00e7\u00e3o animal, fazendas, haras, laborat\u00f3rios veterin\u00e1rios, \u00f3rg\u00e3os de controle de zoonoses, ONGs, parques e zool\u00f3gicos, pet shops, propriedades rurais, entre outros.<\/p>\n<p>Um\u00a0<strong>T\u00e9cnico em Veterin\u00e1ria<\/strong>\u00a0trabalhando na cidade\u00a0<strong>Campinas<\/strong>\u00a0ganha em m\u00e9dia\u00a0<strong>R$ 2.116,11<\/strong>\u00a0para uma\u00a0jornada de trabalho\u00a0de 42 horas semanais.<\/p>\n<p>A\u00a0<strong>faixa salarial<\/strong> do T\u00e9cnico em Veterin\u00e1rio na cidade fica entre <strong>R$ 2.100,20<\/strong>\u00a0(m\u00e9dia do\u00a0<strong>piso salarial 2024<\/strong>\u00a0de acordos coletivos),\u00a0<strong>R$ 2.345,00<\/strong>\u00a0(sal\u00e1rio mediana da pesquisa) e o teto salarial de\u00a0<strong>R$ 3.104,60<\/strong>, levando em conta o sal\u00e1rio base de profissionais em regime CLT de toda a cidade.<\/p>\n<p>&nbsp;<\/p>\n<h6><strong>*Fonte: https:www.salario.com.br\/<\/strong><\/h6>\n<p><strong>DOCUMENTA\u00c7\u00c3O PARA MATR\u00cdCULA<\/strong><\/p>\n<h2><\/h2>\n<p><strong>Envio dos Documentos Escaneado : rcc.documentos@bentoquirino.com.br<\/strong><\/p>\n<p>-Hist\u00f3rico escolar do 2\u00ba Grau<br \/>\n-RG (documento necess\u00e1rio para efetuar a matricula)<br \/>\n-Certid\u00e3o de nascimento ou casamento<br \/>\n-CPF<br \/>\n&#8211; Comprovante de Resid\u00eancia (lado do endere\u00e7o)<\/p>\n<p>SEM A DOCUMENTA\u00c7\u00c3O ACIMA N\u00c3O SER\u00c1 POSS\u00cdVEL EFETUAR A MATR\u00cdCULA.<\/p>\n<p><strong>ATEN\u00c7\u00c3O:<\/strong><\/p>\n<p><strong>PARA MENORES DE IDADE O RESPONS\u00c1VEL DEVER\u00c1 ENVIAR UMA C\u00d3PIA DO RG E CPF PARA EFETUAR A MATR\u00cdCULA<\/strong><\/p>\n<p><strong>*o reajuste da mensalidade \u00e9 anualmente no momento da rematr\u00edcula do ALUNO <\/strong><strong>.<\/strong><\/p>\n","protected":false},"excerpt":{"rendered":"<p>\ud83d\udc46\ud83d\udc46\ud83d\udc46\ud83d\udc46<strong>VALOR REFERENTE A PARCELA DE JANEIRO 2026<\/strong>\u00a0\ud83d\udc46\ud83d\udc46\ud83d\udc46\ud83d\udc46<\/p>\n<h2><strong>IMPORTANTE, SER\u00c3O ENTREGUES DOIS DOCUMENTOS:<\/strong><\/h2>\n<p><strong>1\u00ba REQUERIMENTO DE REMATRICULA\u00a0<\/strong><\/p>\n<p><strong>2\u00ba CONTRATO DE REMATR\u00cdCULA<\/strong><\/p>\n<p>\u00c9 OBRIGAT\u00d3RIO A ASSINATURA DOS DOIS PARA EFETUAR SUA REMATR\u00cdCULA<\/p>\n<p>&nbsp;<\/p>\n<p> <a class=\"more-link\" href=\"https:\/\/eadbentoquirino.com.br\/ead\/produto\/rematricula-3o-modulo-veterinaria\/\">Leia mais<\/a><\/p>","protected":false},"featured_media":33064,"comment_status":"closed","ping_status":"closed","template":"","meta":{"jetpack_publicize_message":"","jetpack_publicize_feature_enabled":true,"jetpack_social_post_already_shared":true,"jetpack_social_options":{"image_generator_settings":{"template":"highway","enabled":false}}},"product_cat":[188],"product_tag":[],"class_list":{"0":"post-39767","1":"product","2":"type-product","3":"status-publish","4":"has-post-thumbnail","6":"product_cat-rematricula","8":"first","9":"instock","10":"sold-individually","11":"shipping-taxable","12":"purchasable","13":"product-type-variable"},"jetpack_publicize_connections":[],"jetpack_sharing_enabled":true,"_links":{"self":[{"href":"https:\/\/eadbentoquirino.com.br\/ead\/wp-json\/wp\/v2\/product\/39767","targetHints":{"allow":["GET"]}}],"collection":[{"href":"https:\/\/eadbentoquirino.com.br\/ead\/wp-json\/wp\/v2\/product"}],"about":[{"href":"https:\/\/eadbentoquirino.com.br\/ead\/wp-json\/wp\/v2\/types\/product"}],"replies":[{"embeddable":true,"href":"https:\/\/eadbentoquirino.com.br\/ead\/wp-json\/wp\/v2\/comments?post=39767"}],"wp:featuredmedia":[{"embeddable":true,"href":"https:\/\/eadbentoquirino.com.br\/ead\/wp-json\/wp\/v2\/media\/33064"}],"wp:attachment":[{"href":"https:\/\/eadbentoquirino.com.br\/ead\/wp-json\/wp\/v2\/media?parent=39767"}],"wp:term":[{"taxonomy":"product_cat","embeddable":true,"href":"https:\/\/eadbentoquirino.com.br\/ead\/wp-json\/wp\/v2\/product_cat?post=39767"},{"taxonomy":"product_tag","embeddable":true,"href":"https:\/\/eadbentoquirino.com.br\/ead\/wp-json\/wp\/v2\/product_tag?post=39767"}],"curies":[{"name":"wp","href":"https:\/\/api.w.org\/{rel}","templated":true}]}}