{"id":39762,"date":"2025-12-23T15:45:14","date_gmt":"2025-12-23T15:45:14","guid":{"rendered":"https:\/\/eadbentoquirino.com.br\/ead\/?post_type=product&#038;p=39762"},"modified":"2025-12-23T16:20:38","modified_gmt":"2025-12-23T16:20:38","slug":"rematricula-3o-modulo-eletrotecnica","status":"publish","type":"product","link":"https:\/\/eadbentoquirino.com.br\/ead\/produto\/rematricula-3o-modulo-eletrotecnica\/","title":{"rendered":"Rematr\u00edcula 3\u00ba M\u00f3dulo Eletrot\u00e9cnica"},"content":{"rendered":"<p><strong>\ud83d\udd53 DURA\u00c7\u00c3O DO CURSO: 18 MESES<\/strong><\/p>\n<p><strong>DESCRI\u00c7\u00c3O:<\/strong><\/p>\n<p>Realiza manuten\u00e7\u00e3o, medi\u00e7\u00f5es e testes de m\u00e1quinas, equipamentos e sistemas, conforme especifica\u00e7\u00f5es t\u00e9cnicas. Opera equipamentos, utiliza softwares espec\u00edficos e linguagens de programa\u00e7\u00e3o adequadas. Organiza local de trabalho. Coordena equipes e oferece treinamento operacional. Realiza manuten\u00e7\u00e3o preventiva e corretiva, em conformidade com as normas t\u00e9cnicas de higiene, seguran\u00e7a, qualidade e prote\u00e7\u00e3o ao meio ambiente. Programa e opera de m\u00e1quinas observando as normas de seguran\u00e7a.<\/p>\n<p><strong>MERCADO DE TRABALHO:<\/strong><\/p>\n<p>Industrial, Automotivo, Metal\u00fargico, Eletro-eletr\u00f4nico, Farmac\u00eautico\/Hospitalar, Auto Pe\u00e7as, Montadoras, Aliment\u00edcio, Agro Neg\u00f3cio, Pl\u00e1sticos. \u00c1rea de atua\u00e7\u00e3o: Manuten\u00e7\u00e3o (El\u00e9trica, Mec\u00e2nica, Eletr\u00f4nica), Projetos, Gest\u00e3o de Manufatura, Pesquisa e Comercial.<\/p>\n<p>&nbsp;<\/p>\n<p>Um\u00a0<strong>Eletrot\u00e9cnico<\/strong>\u00a0trabalhando na cidade\u00a0<strong>Campinas<\/strong>\u00a0ganha em m\u00e9dia\u00a0<strong>R$ 3.519,86<\/strong>\u00a0para uma\u00a0jornada de trabalho\u00a0de 42 horas semanais.<\/p>\n<p>A\u00a0<strong>faixa salarial<\/strong>\u00a0do Eletrot\u00e9cnico na cidade fica entre\u00a0<strong>R$ 2.900,00<\/strong>\u00a0sal\u00e1rio mediana da pesquisa e o teto salarial de\u00a0<strong>R$ 6.618,89<\/strong>, sendo que\u00a0<strong>R$ 3.423,73<\/strong>\u00a0\u00e9 a m\u00e9dia do\u00a0<strong>piso salarial 2024<\/strong>\u00a0de acordos coletivos levando em conta profissionais em regime CLT de toda a cidade Campinas e\/ou regi\u00f5es pr\u00f3ximas do\u00a0<strong>estado de SP<\/strong>.<\/p>\n<h6><a href=\"https:\/\/www.salario.com.br\/profissao\/tecnico-de-enfermagem-cbo-322205\/\"><strong>*Fonte: https:www.salario.com.br\/<\/strong><\/a><\/h6>\n<p><strong>DOCUMENTA\u00c7\u00c3O PARA MATR\u00cdCULA<\/strong><\/p>\n<h2><\/h2>\n<p><strong><span style=\"vertical-align: inherit;\">Envio de dois Documentos Digitalizados: rcc.documentos@bentoquirino.com.br<\/span><\/strong><\/p>\n<p>-Hist\u00f3rico escolar do 2\u00ba Grau<br \/>\n-RG (documento necess\u00e1rio para efetuar a matricula)<br \/>\n-Certid\u00e3o de nascimento ou casamento<br \/>\n-CPF<br \/>\n&#8211; Comprovante de Resid\u00eancia (lado do endere\u00e7o)<\/p>\n<p>SEM A DOCUMENTA\u00c7\u00c3O ACIMA N\u00c3O SER\u00c1 POSS\u00cdVEL EFETUAR A MATR\u00cdCULA.<\/p>\n<p><strong>ATEN\u00c7\u00c3O:<\/strong><\/p>\n<p><strong>PARA MENORES DE IDADE O RESPONS\u00c1VEL DEVER\u00c1 ENVIAR UMA C\u00d3PIA DO RG E CPF PARA EFETUAR A MATR\u00cdCULA<\/strong><\/p>\n<p><strong>*o reajuste da mensalidade \u00e9 anualmente no momento da rematr\u00edcula do ALUNO <\/strong><strong>.<\/strong><\/p>\n","protected":false},"excerpt":{"rendered":"<p>\ud83d\udc46\ud83d\udc46\ud83d\udc46\ud83d\udc46<strong>VALOR REFERENTE A PARCELA DE JANEIRO 2025<\/strong>\u00a0\ud83d\udc46\ud83d\udc46\ud83d\udc46\ud83d\udc46<\/p>\n<h2><strong>IMPORTANTE, SER\u00c3O ENTREGUES DOIS DOCUMENTOS:<\/strong><\/h2>\n<p><strong>1\u00ba REQUERIMENTO DE REMATRICULA\u00a0<\/strong><\/p>\n<p><strong>2\u00ba CONTRATO DE REMATR\u00cdCULA<\/strong><\/p>\n<p>\u00c9 OBRIGAT\u00d3RIO A ASSINATURA DOS DOIS PARA EFETUAR SUA REMATR\u00cdCULA<\/p>\n<p> <a class=\"more-link\" href=\"https:\/\/eadbentoquirino.com.br\/ead\/produto\/rematricula-3o-modulo-eletrotecnica\/\">Leia mais<\/a><\/p>","protected":false},"featured_media":33068,"comment_status":"closed","ping_status":"closed","template":"","meta":{"jetpack_publicize_message":"","jetpack_publicize_feature_enabled":true,"jetpack_social_post_already_shared":true,"jetpack_social_options":{"image_generator_settings":{"template":"highway","enabled":false}}},"product_cat":[188],"product_tag":[],"class_list":{"0":"post-39762","1":"product","2":"type-product","3":"status-publish","4":"has-post-thumbnail","6":"product_cat-rematricula","8":"first","9":"instock","10":"sold-individually","11":"shipping-taxable","12":"purchasable","13":"product-type-variable"},"jetpack_publicize_connections":[],"jetpack_sharing_enabled":true,"_links":{"self":[{"href":"https:\/\/eadbentoquirino.com.br\/ead\/wp-json\/wp\/v2\/product\/39762","targetHints":{"allow":["GET"]}}],"collection":[{"href":"https:\/\/eadbentoquirino.com.br\/ead\/wp-json\/wp\/v2\/product"}],"about":[{"href":"https:\/\/eadbentoquirino.com.br\/ead\/wp-json\/wp\/v2\/types\/product"}],"replies":[{"embeddable":true,"href":"https:\/\/eadbentoquirino.com.br\/ead\/wp-json\/wp\/v2\/comments?post=39762"}],"wp:featuredmedia":[{"embeddable":true,"href":"https:\/\/eadbentoquirino.com.br\/ead\/wp-json\/wp\/v2\/media\/33068"}],"wp:attachment":[{"href":"https:\/\/eadbentoquirino.com.br\/ead\/wp-json\/wp\/v2\/media?parent=39762"}],"wp:term":[{"taxonomy":"product_cat","embeddable":true,"href":"https:\/\/eadbentoquirino.com.br\/ead\/wp-json\/wp\/v2\/product_cat?post=39762"},{"taxonomy":"product_tag","embeddable":true,"href":"https:\/\/eadbentoquirino.com.br\/ead\/wp-json\/wp\/v2\/product_tag?post=39762"}],"curies":[{"name":"wp","href":"https:\/\/api.w.org\/{rel}","templated":true}]}}