{"id":33161,"date":"2024-06-27T15:20:44","date_gmt":"2024-06-27T15:20:44","guid":{"rendered":"https:\/\/eadbentoquirino.com.br\/ead\/?post_type=product&#038;p=33161"},"modified":"2025-10-03T19:25:56","modified_gmt":"2025-10-03T19:25:56","slug":"vestibulinho-2025","status":"publish","type":"product","link":"https:\/\/eadbentoquirino.com.br\/ead\/produto\/vestibulinho-2025\/","title":{"rendered":"Vestibulinho 2025"},"content":{"rendered":"<div id=\"page\" class=\"site\">\n<div class=\"site-inner\">\n<div class=\"container\">\n<div class=\"row\">\n<div class=\"site-main col-sm-24 \">\n<p>Conforme Edital:<br \/>\n<a href=\"https:\/\/www.bentoquirino.com.br\/novo\/wp-content\/uploads\/2025\/05\/Edital-Vestibulinho-2025-2.pdf\">https:\/\/www.bentoquirino.com.br\/novo\/wp-content\/uploads\/2025\/05\/Edital-Vestibulinho-2025-2.pdf<\/a><\/p>\n<p>Art.5\u00ba VALIDADE DOS DESCONTOS:<br \/>\nPar\u00e1grafo 1\u00ba: Os valores vigentes para o 2\u00ba semestre de 2025, s\u00e3o:<br \/>\n&#8211; 6\u00ba ano: 6 x R$ 959,20 (com 40% de desconto)<br \/>\n&#8211; 7\u00ba ano: 6 x R$ 1.039,26 (com 35% de desconto)<br \/>\n&#8211; 8\u00ba ano: 6 x R$ 1.119,06 (com 30% de desconto)<br \/>\nO candidato aprovado, conforme estabelece o Art.6\u00ba, abaixo, far\u00e1 jus ao desconto integral<br \/>\n(100%) dos valores retro mencionado, EXCETO, o valor <strong>do Material Did\u00e1tico (3x R$ 300,00)<\/strong><br \/>\n<strong>e dos uniformes escolares de uso obrigat\u00f3rio.<\/strong><br \/>\nPar\u00e1grafo 2\u00ba: Os valores vigentes para o ano letivo de 2026, s\u00e3o ( com 40% de desconto):<br \/>\n-7\u00aa ano: matr\u00edcula de R$ 930,00 + 12 parcelas de R$ 959,20;<br \/>\n-8\u00aa ano: matr\u00edcula de R$ 930,00 + 12 parcelas de R$ 959,20;<br \/>\n-9\u00aa ano: matr\u00edcula de R$ 930,00 + 12 parcelas de R$ 959,20;<br \/>\nEXCETO o valor do material Did\u00e1tico, de uso individual (R$1.800,00 podendo ser parcelado<br \/>\nem at\u00e9 10x) e dos uniformes escolares, de uso obrigat\u00f3rio.<\/p>\n<article id=\"post-31404\" class=\"post-31404 page type-page status-publish hentry\">\n<div class=\"entry-content col-sm-24\">\n<div class=\"vc_row wpb_row vc_row-fluid vc_row-no-padding\" data-vc-full-width=\"true\" data-vc-full-width-init=\"true\" data-vc-stretch-content=\"true\">\n<div class=\"wpb_column vc_column_container vc_col-sm-6\">\n<div class=\"vc_column-inner \">\n<div class=\"wpb_wrapper\">\n<div class=\"vc_empty_space\"><\/div>\n<\/div>\n<\/div>\n<\/div>\n<\/div>\n<div class=\"vc_row-full-width vc_clearfix\">\n<h4>DOCUMENTA\u00c7\u00c3O PARA MATR\u00cdCULA<\/h4>\n<p>Comprovante de bolsa (documento onde consta a porcentagem de bolsa obtida pela participa\u00e7\u00e3o no processo seletivo)<\/p>\n<p>1 C\u00f3pia do hist\u00f3rico escolar do 1\u00ba Grau e certificado autenticado \/ declara\u00e7\u00e3o original<br \/>\n(documento necess\u00e1rio para efetuar a matricula)<br \/>\n1 C\u00f3pia do RG (documento necess\u00e1rio para efetuar a matricula)<br \/>\n1 Foto 3\/4<br \/>\n1 C\u00f3pia da certid\u00e3o de nascimento<br \/>\n1 C\u00f3pia do CPF<br \/>\n1 C\u00f3pia do Comprovante de Resid\u00eancia (lado do endere\u00e7o)<\/p>\n<p>SEM A DOCUMENTA\u00c7\u00c3O ACIMA N\u00c3O SER\u00c1 POSS\u00cdVEL EFETUAR A MATR\u00cdCULA.<\/p>\n<p><strong>ATEN\u00c7\u00c3O:<\/strong><\/p>\n<p>PARA MENORES DE IDADE O RESPONS\u00c1VEL DEVER\u00c1 LEVAR UMA C\u00d3PIA DO RG E CPF<br \/>\nPARA EFETUAR A MATR\u00cdCULA.<br \/>\n<strong> Envio dos Documentos; secretaria@bentoquirino.com.br<\/strong><\/p>\n<p><strong>* reajust\u00e1veis anualmente no momento da rematr\u00edcula do ALUNO no per\u00edodo letivo correspondente.<\/strong><\/p>\n<\/div>\n<div class=\"vc_row wpb_row vc_row-fluid\">\n<div class=\"wpb_column vc_column_container vc_col-sm-12\">\n<div class=\"vc_column-inner \">\n<div class=\"wpb_wrapper\">\n<div class=\"vc_separator wpb_content_element vc_separator_align_center vc_sep_width_100 vc_sep_pos_align_center vc_separator_no_text vc_sep_color_sky\"><\/div>\n<\/div>\n<\/div>\n<\/div>\n<\/div>\n<\/div>\n<div class=\"clear\"><\/div>\n<\/article>\n<p>&nbsp;<\/p>\n<\/div>\n<\/div>\n<\/div>\n<div id=\"fb-root\"><\/div>\n<\/div>\n<\/div>\n","protected":false},"excerpt":{"rendered":"<p>\ud83d\udc46\ud83d\udc46\ud83d\udc46\ud83d\udc46<strong>DESCONTO ESPECIAL NA\u00a0 MATR\u00cdCULA <\/strong>\ud83d\udc46\ud83d\udc46\ud83d\udc46\ud83d\udc46<\/p>\n<p>colocar cupom do Vestibulinho 2025<\/p>\n<p>&nbsp;<\/p>\n<p>VENHA FAZER PARTE DO <strong>BENTO QUIRINO.<\/strong><\/p>\n<h2><a href=\"http:\/\/www.bentoquirino.com.br\/novo\/tour-virtual\/\"><strong>TOUR VIRTUAL 360\u00ba<\/strong><\/a><\/h2>\n<h2><strong>IMPORTANTE, SER\u00c3O ENTREGUES DOIS DOCUMENTOS:<\/strong><\/h2>\n<p><strong>1\u00ba REQUERIMENTO DE MATRICULA\u00a0<\/strong><\/p>\n<p><strong>2\u00ba CONTRATO DE MATR\u00cdCULA<\/strong><\/p>\n<p>\u00c9 OBRIGAT\u00d3RIO A ASSINATURA DOS DOIS PARA EFETUAR SUA MATR\u00cdCULA<\/p>\n<p> <a class=\"more-link\" href=\"https:\/\/eadbentoquirino.com.br\/ead\/produto\/vestibulinho-2025\/\">Leia mais<\/a><\/p>","protected":false},"featured_media":36998,"comment_status":"closed","ping_status":"closed","template":"","meta":{"jetpack_publicize_message":"","jetpack_publicize_feature_enabled":true,"jetpack_social_post_already_shared":true,"jetpack_social_options":{"image_generator_settings":{"template":"highway","enabled":false}}},"product_cat":[66],"product_tag":[],"class_list":{"0":"post-33161","1":"product","2":"type-product","3":"status-publish","4":"has-post-thumbnail","6":"product_cat-presencial","8":"first","9":"instock","10":"sold-individually","11":"shipping-taxable","12":"purchasable","13":"product-type-variable","14":"has-default-attributes"},"jetpack_publicize_connections":[],"jetpack_sharing_enabled":true,"_links":{"self":[{"href":"https:\/\/eadbentoquirino.com.br\/ead\/wp-json\/wp\/v2\/product\/33161","targetHints":{"allow":["GET"]}}],"collection":[{"href":"https:\/\/eadbentoquirino.com.br\/ead\/wp-json\/wp\/v2\/product"}],"about":[{"href":"https:\/\/eadbentoquirino.com.br\/ead\/wp-json\/wp\/v2\/types\/product"}],"replies":[{"embeddable":true,"href":"https:\/\/eadbentoquirino.com.br\/ead\/wp-json\/wp\/v2\/comments?post=33161"}],"wp:featuredmedia":[{"embeddable":true,"href":"https:\/\/eadbentoquirino.com.br\/ead\/wp-json\/wp\/v2\/media\/36998"}],"wp:attachment":[{"href":"https:\/\/eadbentoquirino.com.br\/ead\/wp-json\/wp\/v2\/media?parent=33161"}],"wp:term":[{"taxonomy":"product_cat","embeddable":true,"href":"https:\/\/eadbentoquirino.com.br\/ead\/wp-json\/wp\/v2\/product_cat?post=33161"},{"taxonomy":"product_tag","embeddable":true,"href":"https:\/\/eadbentoquirino.com.br\/ead\/wp-json\/wp\/v2\/product_tag?post=33161"}],"curies":[{"name":"wp","href":"https:\/\/api.w.org\/{rel}","templated":true}]}}