{"id":27199,"date":"2022-10-28T14:16:42","date_gmt":"2022-10-28T14:16:42","guid":{"rendered":"https:\/\/eadbentoquirino.com.br\/ead\/?post_type=product&#038;p=27199"},"modified":"2023-01-03T14:51:10","modified_gmt":"2023-01-03T14:51:10","slug":"estagio-bq","status":"publish","type":"product","link":"https:\/\/eadbentoquirino.com.br\/ead\/produto\/estagio-bq\/","title":{"rendered":"Est\u00e1gio BQ"},"content":{"rendered":"<p><b>OBJETIVO<\/b><strong> DO CURSO T\u00c9CNICO EM ADMINISTRA\u00c7\u00c3O DA QUALIDADE E PLANEJAMENTO: <\/strong><\/p>\n<ul>\n<li><strong>DESCRI\u00c7\u00c3O:<\/strong><\/li>\n<\/ul>\n<p><strong>Conhecer os conceitos b\u00e1sicos da psicologia geral, social e organizacional.<\/strong><br \/>\n<strong>Planejar, supervisionar o setor financeiro, auxiliar na an\u00e1lise de relat\u00f3rios financeiros da empresa. Executar c\u00e1lculos, apontar falhas, sugerir modifica\u00e7\u00f5es e classificar contas;<\/strong><br \/>\n<strong>Elaborar listagens de materiais em estoque, auxiliar no controle de produ\u00e7\u00e3o. Elaborar folhas de pagamento no controle de f\u00e9rias e dispensa de funcion\u00e1rios.<\/strong><br \/>\n<strong>Elabora\u00e7\u00e3o de estat\u00edstica, levantamento do volume de vendas, c\u00e1lculos de comiss\u00f5es, controle de despesas sobre as vendas.<\/strong><br \/>\n<strong>Calcular juros ou valores diversos, acompanhar o setor de cobran\u00e7a e contas a pagar, criando instrumento de controle para a exist\u00eancia eficiente do Fluxo de Caixa;<\/strong><br \/>\n<strong>Avaliar a \u00e1rea de produ\u00e7\u00e3o no planejamento e controle de materiais, bem como dos planos de produ\u00e7\u00e3o que atendam a previs\u00e3o de vendas;<\/strong><br \/>\n<strong>Coordenar as notas fiscais, faturas, duplicatas, cheques e opera\u00e7\u00f5es banc\u00e1rias; zelar pelo cumprimento da Legisla\u00e7\u00e3o Trabalhista e Fiscal;<\/strong><br \/>\n<strong>Elaborar processo de Recrutamento, Sele\u00e7\u00e3o e Integra\u00e7\u00e3o e oferecer treinamento aos novos funcion\u00e1rios;<\/strong><br \/>\n<strong>Conhecer conceito de Empreendedorismo que visa proporcionar as pessoas a desenvolver um neg\u00f3cio.<\/strong><\/p>\n<ul>\n<li><strong>MODALIDADE: 100% <\/strong><b>ONLINE<\/b><\/li>\n<li><strong> \ud83d\udd53 DURA\u00c7\u00c3O DO CURSO: 1.026 horas-aula\u00a0<\/strong><\/li>\n<\/ul>\n<p>&nbsp;<\/p>\n<ul>\n<li><strong>MERCADO DE TRABALHO:<\/strong><\/li>\n<\/ul>\n<p>Mesmo as empresas de pequeno porte e as familiares podem se tornar um bom nicho de mercado para os futuros T\u00e9cnicos em Administra\u00e7\u00e3o. Muitas est\u00e3o se fortalecendo no mercado, e para estarem \u00e0 altura dos demais concorrentes, precisam de m\u00e3o de obra especializada.<br \/>\nNas pequenas empresas, o T\u00e9cnico em Administra\u00e7\u00e3o pode trabalhar dando dicas e conselhos de como melhor guiar o neg\u00f3cio. O mercado tamb\u00e9m \u00e9 bastante promissor, porque, mesmo aut\u00f4nomo, tende a crescer junto com as empresas, mas sem necessariamente precisar se prender a elas.<br \/>\nPor fim, h\u00e1 oportunidade de se montar o pr\u00f3prio neg\u00f3cio. No Brasil, pa\u00eds com fortes nichos de mercado e bons recursos naturais, \u00e9 uma oportunidade excelente ser empreendedor.<\/p>\n<p>&nbsp;<\/p>\n<p>&nbsp;<\/p>\n<ul>\n<li><strong><img decoding=\"async\" class=\"wp-image-16783 alignnone\" src=\"https:\/\/eadbentoquirino.com.br\/ead\/wp-content\/uploads\/2020\/11\/Certificacao-300x259.png\" alt=\"\" width=\"78\" height=\"67\" data-wp-editing=\"1\" srcset=\"https:\/\/eadbentoquirino.com.br\/ead\/wp-content\/uploads\/2020\/11\/Certificacao-300x259.png 300w, https:\/\/eadbentoquirino.com.br\/ead\/wp-content\/uploads\/2020\/11\/Certificacao.png 523w\" sizes=\"(max-width: 78px) 100vw, 78px\" \/>CERTIFICADO:<\/strong><\/li>\n<\/ul>\n<p>Ao concluir o curso T\u00e9cnico em Administra\u00e7\u00e3o do Bento Quirino, al\u00e9m do Diploma de uma escola de tradi\u00e7\u00e3o, ter\u00e1 uma melhor remunera\u00e7\u00e3o, mais oportunidades e compet\u00eancia para gerir seu pr\u00f3prio neg\u00f3cio est\u00e3o esperando por voc\u00ea.<\/p>\n<ul>\n<li><strong>QUEM SOMOS<\/strong><\/li>\n<\/ul>\n<p>O BENTO QUIRINO Online \u00e9 resultado da uni\u00e3o entre a solidez acad\u00eamica de um dos melhores Col\u00e9gio T\u00e9cnico privados do Brasil\u00a0 e a Faculdade IPEP . A parceria viabilizou um modelo pioneiro de educa\u00e7\u00e3o continuada no Brasil que combina a tradi\u00e7\u00e3o de um Col\u00e9gio T\u00e9cnico de 110 anos\u00a0 e com uma Faculdade que conta com a experi\u00eancia de professores e metodologia \u00fanica para melhor qualificar seu aluno no mercado.<\/p>\n<p>Localizada em S\u00e3o Paulo e\u00a0 Campinas, O Col\u00e9gio Polit\u00e9cnico Bento Quirino, ao longo de uma trajet\u00f3ria de mais de 110 anos, \u00e9 reconhecida como um col\u00e9gio inovador,\u00a0 sendo terceiro Col\u00e9gio T\u00e9cnico do Brasil Fundado em 1910, e destaca-se por oferecer um dos portf\u00f3lios mais completos de\u00a0 cursos t\u00e9cnico e agora lan\u00e7a uma das maiores plataforma de\u00a0 educa\u00e7\u00e3o continuada do Brasil..<\/p>\n<p>TODOS OS NOSSO CURSOS RECONHECIDO PELO CONSELHO ESTADUAL DE EDUCA\u00c7\u00c3O DE S\u00c3O PAULO.<\/p>\n","protected":false},"excerpt":{"rendered":"<p>\ud83d\udc46\ud83d\udc46\ud83d\udc46\ud83d\udc46<strong>DESCONTO ESPECIAL NO CURSO<\/strong>\u00a0\ud83d\udc46\ud83d\udc46\ud83d\udc46\ud83d\udc46<\/p>\n<p><strong>CURSO T\u00c9CNICO EM ADMINISTRA\u00c7\u00c3O<\/strong><\/p>\n<p>VENHA FAZER PARTE DO <strong>BENTO QUIRINO.<\/strong><\/p>\n<h3>MEIOS DE PAGAMENTO:<\/h3>\n<ul>\n<li>\n<h3><img decoding=\"async\" class=\"alignnone wp-image-16782\" src=\"https:\/\/eadbentoquirino.com.br\/ead\/wp-content\/uploads\/2020\/11\/Cartao-de-Debito-300x225.png\" alt=\"\" width=\"78\" height=\"59\" srcset=\"https:\/\/eadbentoquirino.com.br\/ead\/wp-content\/uploads\/2020\/11\/Cartao-de-Debito-300x225.png 300w, https:\/\/eadbentoquirino.com.br\/ead\/wp-content\/uploads\/2020\/11\/Cartao-de-Debito.png 500w\" sizes=\"(max-width: 78px) 100vw, 78px\" \/> Cart\u00e3o de Cr\u00e9dito<\/h3>\n<\/li>\n<li>\n<h3><img decoding=\"async\" class=\"alignnone wp-image-16780\" src=\"https:\/\/eadbentoquirino.com.br\/ead\/wp-content\/uploads\/2020\/11\/Boleto-300x224.png\" alt=\"\" width=\"78\" height=\"58\" srcset=\"https:\/\/eadbentoquirino.com.br\/ead\/wp-content\/uploads\/2020\/11\/Boleto-300x224.png 300w, https:\/\/eadbentoquirino.com.br\/ead\/wp-content\/uploads\/2020\/11\/Boleto.png 542w\" sizes=\"(max-width: 78px) 100vw, 78px\" \/>\u00a0 \u00a0Boleto<\/h3>\n<\/li>\n<\/ul>\n<p>&nbsp;<\/p>\n<p> <a class=\"more-link\" href=\"https:\/\/eadbentoquirino.com.br\/ead\/produto\/estagio-bq\/\">Leia mais<\/a><\/p>","protected":false},"featured_media":16777,"comment_status":"closed","ping_status":"closed","template":"","meta":{"jetpack_publicize_message":"","jetpack_publicize_feature_enabled":true,"jetpack_social_post_already_shared":true,"jetpack_social_options":{"image_generator_settings":{"template":"highway","enabled":false}}},"product_cat":[197],"product_tag":[],"class_list":{"0":"post-27199","1":"product","2":"type-product","3":"status-publish","4":"has-post-thumbnail","6":"product_cat-aprendiz-bento-quirino","8":"first","9":"instock","10":"sale","11":"sold-individually","12":"shipping-taxable","13":"purchasable","14":"product-type-variable","15":"has-default-attributes"},"jetpack_publicize_connections":[],"jetpack_sharing_enabled":true,"_links":{"self":[{"href":"https:\/\/eadbentoquirino.com.br\/ead\/wp-json\/wp\/v2\/product\/27199","targetHints":{"allow":["GET"]}}],"collection":[{"href":"https:\/\/eadbentoquirino.com.br\/ead\/wp-json\/wp\/v2\/product"}],"about":[{"href":"https:\/\/eadbentoquirino.com.br\/ead\/wp-json\/wp\/v2\/types\/product"}],"replies":[{"embeddable":true,"href":"https:\/\/eadbentoquirino.com.br\/ead\/wp-json\/wp\/v2\/comments?post=27199"}],"wp:featuredmedia":[{"embeddable":true,"href":"https:\/\/eadbentoquirino.com.br\/ead\/wp-json\/wp\/v2\/media\/16777"}],"wp:attachment":[{"href":"https:\/\/eadbentoquirino.com.br\/ead\/wp-json\/wp\/v2\/media?parent=27199"}],"wp:term":[{"taxonomy":"product_cat","embeddable":true,"href":"https:\/\/eadbentoquirino.com.br\/ead\/wp-json\/wp\/v2\/product_cat?post=27199"},{"taxonomy":"product_tag","embeddable":true,"href":"https:\/\/eadbentoquirino.com.br\/ead\/wp-json\/wp\/v2\/product_tag?post=27199"}],"curies":[{"name":"wp","href":"https:\/\/api.w.org\/{rel}","templated":true}]}}