{"id":20264,"date":"2021-10-13T20:48:56","date_gmt":"2021-10-13T20:48:56","guid":{"rendered":"https:\/\/eadbentoquirino.com.br\/ead\/?post_type=product&#038;p=20264"},"modified":"2025-12-23T16:07:12","modified_gmt":"2025-12-23T16:07:12","slug":"rematricula-3o-modulo-farmacia","status":"publish","type":"product","link":"https:\/\/eadbentoquirino.com.br\/ead\/produto\/rematricula-3o-modulo-farmacia\/","title":{"rendered":"Rematr\u00edcula 3\u00ba M\u00f3dulo Farm\u00e1cia"},"content":{"rendered":"<p>Enquanto permanecer em vigor as normas legais sobre a necessidade de isolamento social, por conta da pandemia que atravessamos, todo nosso conte\u00fado \u00e9 ministrado por v\u00eddeos-aulas, ao vivo, apoiadas por nossa plataforma, acess\u00edvel pelos meios digitais (celulares, tablets, micros, etc), bastando ter dispon\u00edvel sinal de internet. Esta metologia exitosa foi implantada com sucesso pelo Col\u00e9gio T\u00e9cnico Bento Quirino, desde mar\u00e7o de 2020.<\/p>\n<p>Com isto asseguramos o comprimento da carga hor\u00e1ria requerida pela Legisla\u00e7\u00e3o Educacional de modo integral, evitando perdas de conte\u00fados e de dura\u00e7\u00e3o do ano letivo para os nossos alunos.<\/p>\n<p><strong>\ud83d\udd53 DURA\u00c7\u00c3O DO CURSO: 18 MESES<\/strong><\/p>\n<p><strong>DESCRI\u00c7\u00c3O:<\/strong><\/p>\n<p>O egresso do curso T\u00c9CNICO DE N\u00cdVEL M\u00c9DIO EM FARM\u00c1CIA \u00e9 o profissional que possui uma s\u00f3lida forma\u00e7\u00e3o integrada, abrangendo o dom\u00ednio das t\u00e9cnicas, tecnologias e dos conhecimentos cient\u00edficos inerentes a profiss\u00e3o, de modo a permitir o seu acesso ao mundo do trabalho. O T\u00c9CNICO DE N\u00cdVEL M\u00c9DIO EM FARM\u00c1CIA \u00e9 o profissional que, pela forma\u00e7\u00e3o t\u00e9cnico-cient\u00edfica ter\u00e1 capacidade e compet\u00eancia para atuar, dentro de uma vis\u00e3o integrada de planejamento, de coordena\u00e7\u00e3o, de opera\u00e7\u00e3o e controle da \u00e1rea Farmac\u00eautica, sempre com a supervis\u00e3o de um Farmac\u00eautico respons\u00e1vel.<\/p>\n<p><strong>MERCADO DE TRABALHO:<\/strong><\/p>\n<p>Ind\u00fastrias de Medicamentos Cosm\u00e9ticos; Laborat\u00f3rios, Farm\u00e1cias; Cl\u00ednicas particulares; Postos de Sa\u00fade; Servi\u00e7os de Vigil\u00e2ncia Sanit\u00e1ria; Atua\u00e7\u00e3o na \u00e1rea cientifica de pesquisa; Biologia Molecular; Toxicologia forense e Est\u00e9tica.<\/p>\n<p>&nbsp;<\/p>\n<h4>VERIFICAR SE A DOCUMENTA\u00c7\u00c3O ABAIXO J\u00c1 FOI ENTREGUES NA SECRET\u00c1RIA<\/h4>\n<p>Comprovante de bolsa (documento onde consta a porcentagem de bolsa obtida pela participa\u00e7\u00e3o no processo seletivo)<\/p>\n<p>1 C\u00f3pia do hist\u00f3rico escolar do 2\u00ba Grau<br \/>\n(documento necess\u00e1rio para efetuar a matricula)<br \/>\n1 C\u00f3pia\u00a0 do RG (documento necess\u00e1rio para efetuar a matricula)<br \/>\n1 Foto 3\/4<br \/>\n1 C\u00f3pia da certid\u00e3o de nascimento ou casamento<br \/>\n1 C\u00f3pia do CPF<br \/>\n1 C\u00f3pia do Comprovante de Resid\u00eancia (lado do endere\u00e7o)<\/p>\n<p>SEM A DOCUMENTA\u00c7\u00c3O ACIMA N\u00c3O SER\u00c1 POSS\u00cdVEL EFETUAR A MATR\u00cdCULA.<\/p>\n<p><strong>ATEN\u00c7\u00c3O:<\/strong><\/p>\n<p><strong>PARA MENORES DE IDADE O RESPONS\u00c1VEL DEVER\u00c1 ENVIAR UMA C\u00d3PIA DO RG E CPF PARA EFETUAR A MATR\u00cdCULA<\/strong><\/p>\n<h2><strong> Envio dos Documentos: secretaria@bentoquirino.com.br<\/strong><\/h2>\n<p><strong>*o reajuste da mensalidade \u00e9 anualmente no momento da rematr\u00edcula do ALUNO <\/strong><strong>.<\/strong><\/p>\n","protected":false},"excerpt":{"rendered":"<p>\ud83d\udc46\ud83d\udc46\ud83d\udc46\ud83d\udc46<strong>VALOR REFERENTE A PARCELA DE JULHO 2025<\/strong>\u00a0\ud83d\udc46\ud83d\udc46\ud83d\udc46\ud83d\udc46<\/p>\n<h2><strong>IMPORTANTE, SER\u00c3O ENTREGUES DOIS DOCUMENTOS:<\/strong><\/h2>\n<p><strong>1\u00ba REQUERIMENTO DE REMATRICULA\u00a0<\/strong><\/p>\n<p><strong>2\u00ba CONTRATO DE REMATR\u00cdCULA<\/strong><\/p>\n<p>\u00c9 OBRIGAT\u00d3RIO A ASSINATURA DOS DOIS PARA EFETUAR SUA REMATR\u00cdCULA<\/p>\n<p> <a class=\"more-link\" href=\"https:\/\/eadbentoquirino.com.br\/ead\/produto\/rematricula-3o-modulo-farmacia\/\">Leia mais<\/a><\/p>","protected":false},"featured_media":28645,"comment_status":"closed","ping_status":"closed","template":"","meta":{"jetpack_publicize_message":"","jetpack_publicize_feature_enabled":true,"jetpack_social_post_already_shared":false,"jetpack_social_options":{"image_generator_settings":{"template":"highway","enabled":false}}},"product_cat":[188],"product_tag":[],"class_list":{"0":"post-20264","1":"product","2":"type-product","3":"status-publish","4":"has-post-thumbnail","6":"product_cat-rematricula","8":"first","9":"instock","10":"sold-individually","11":"shipping-taxable","12":"purchasable","13":"product-type-variable","14":"has-default-attributes"},"jetpack_publicize_connections":[],"jetpack_sharing_enabled":true,"_links":{"self":[{"href":"https:\/\/eadbentoquirino.com.br\/ead\/wp-json\/wp\/v2\/product\/20264","targetHints":{"allow":["GET"]}}],"collection":[{"href":"https:\/\/eadbentoquirino.com.br\/ead\/wp-json\/wp\/v2\/product"}],"about":[{"href":"https:\/\/eadbentoquirino.com.br\/ead\/wp-json\/wp\/v2\/types\/product"}],"replies":[{"embeddable":true,"href":"https:\/\/eadbentoquirino.com.br\/ead\/wp-json\/wp\/v2\/comments?post=20264"}],"wp:featuredmedia":[{"embeddable":true,"href":"https:\/\/eadbentoquirino.com.br\/ead\/wp-json\/wp\/v2\/media\/28645"}],"wp:attachment":[{"href":"https:\/\/eadbentoquirino.com.br\/ead\/wp-json\/wp\/v2\/media?parent=20264"}],"wp:term":[{"taxonomy":"product_cat","embeddable":true,"href":"https:\/\/eadbentoquirino.com.br\/ead\/wp-json\/wp\/v2\/product_cat?post=20264"},{"taxonomy":"product_tag","embeddable":true,"href":"https:\/\/eadbentoquirino.com.br\/ead\/wp-json\/wp\/v2\/product_tag?post=20264"}],"curies":[{"name":"wp","href":"https:\/\/api.w.org\/{rel}","templated":true}]}}