{"id":18320,"date":"2021-07-08T20:26:44","date_gmt":"2021-07-08T20:26:44","guid":{"rendered":"https:\/\/eadbentoquirino.com.br\/ead\/?post_type=product&#038;p=18320"},"modified":"2026-04-09T18:19:30","modified_gmt":"2026-04-09T18:19:30","slug":"edificacoes","status":"publish","type":"product","link":"https:\/\/eadbentoquirino.com.br\/ead\/produto\/edificacoes\/","title":{"rendered":"Edifica\u00e7\u00f5es"},"content":{"rendered":"<p><strong>\ud83d\udd53 DURA\u00c7\u00c3O DO CURSO: 18 MESES<\/strong><\/p>\n<p><strong>DESCRI\u00c7\u00c3O:<\/strong><\/p>\n<p><span style=\"color: windowtext; text-decoration: none; text-underline: none;\">O Curso T\u00e9cnico de Edifica\u00e7\u00f5es tem por objetivo habilitar profissionais para participar da fase de concep\u00e7\u00e3o e elabora\u00e7\u00e3o do projeto da obra, planejar sua execu\u00e7\u00e3o, supervisionar a execu\u00e7\u00e3o de sistemas construtivos e participar do controle tecnol\u00f3gico de m\u00e9todos e materiais, cumprindo a legisla\u00e7\u00e3o e as normas espec\u00edficas.<\/span><\/p>\n<p><span style=\"color: windowtext; text-decoration: none; text-underline: none;\">Ao final de sua forma\u00e7\u00e3o, o profissional t\u00e9cnico em Edifica\u00e7\u00f5es dever\u00e1 demonstrar um perfil que lhe possibilite: Ler, articular e interpretar s\u00edmbolos e c\u00f3digos em diferentes linguagens e representa\u00e7\u00f5es, estabelecendo estrat\u00e9gias de solu\u00e7\u00e3o e articulando os conhecimentos das v\u00e1rias ci\u00eancias e outros campos do saber; Compreender os fundamentos cient\u00edfico-tecnol\u00f3gicos dos processos produtivos, relacionando teoria e pr\u00e1tica nas diversas \u00e1reas do saber;<\/span><br \/>\n<span style=\"color: windowtext; text-decoration: none; text-underline: none;\">Usar corretamente instrumentos, m\u00e1quinas e materiais, tanto em escrit\u00f3rios quanto em canteiros de obras.<\/span><\/p>\n<p>Aplicar as normas t\u00e9cnicas, m\u00e9todos, t\u00e9cnicas e procedimentos estabelecidos, visando \u00e0 qualidade e produtividade dos processos construtivos e de seguran\u00e7a dos trabalhadores; Projetar e dirigir edifica\u00e7\u00f5es de at\u00e9 80m\u00b2 de \u00e1rea constru\u00edda, que n\u00e3o constituam conjuntos residenciais, bem como realizar reformas, desde que n\u00e3o impliquem em estruturas de concreto armado ou met\u00e1lica, exercer atividade de desenhista de sua especialidade.<\/p>\n<p><strong>MERCADO DE TRABALHO:<\/strong><\/p>\n<p>Esse profissional exerce sua profiss\u00e3o junto a construtoras, escrit\u00f3rios de arquitetura, com\u00e9rcio relacionado a constru\u00e7\u00e3o civil, escrit\u00f3rios de projetistas (hidr\u00e1ulico, el\u00e9trico e estrutural), empresas de fiscaliza\u00e7\u00e3o p\u00fablica ou privada.<\/p>\n<p>Um\u00a0<strong>T\u00e9cnico de Edifica\u00e7\u00f5es<\/strong>\u00a0trabalhando na cidade\u00a0<strong>Campinas<\/strong>\u00a0ganha em m\u00e9dia\u00a0<strong>R$ 3.721,29<\/strong>\u00a0para uma\u00a0jornada de trabalho\u00a0de 44 horas semanais.<\/p>\n<p>A\u00a0<strong>faixa salarial<\/strong>\u00a0do T\u00e9cnico de Edifica\u00e7\u00f5es na cidade fica entre\u00a0<strong>R$ 3.000,00<\/strong>\u00a0sal\u00e1rio mediana da pesquisa e o teto salarial de\u00a0<strong>R$ 7.084,24<\/strong>, sendo que\u00a0<strong>R$ 3.619,66<\/strong>\u00a0\u00e9 a m\u00e9dia do\u00a0<strong>piso salarial 2024<\/strong>\u00a0de acordos coletivos levando em conta profissionais em regime CLT de toda a cidade Campinas e\/ou regi\u00f5es pr\u00f3ximas do\u00a0<strong>estado de SP<\/strong>.<\/p>\n<h6><a href=\"https:\/\/www.salario.com.br\/profissao\/tecnico-de-enfermagem-cbo-322205\/\"><strong>*Fonte: https:www.salario.com.br\/<\/strong><\/a><\/h6>\n<p><strong>DOCUMENTA\u00c7\u00c3O PARA MATR\u00cdCULA<\/strong><\/p>\n<h2><\/h2>\n<p><strong>Envio dos Documentos Escaneado : rcc.documentos@bentoquirino.com.br<\/strong><\/p>\n<p>-Hist\u00f3rico escolar do 2\u00ba Grau<br \/>\n-RG (documento necess\u00e1rio para efetuar a matricula)<br \/>\n-Certid\u00e3o de nascimento ou casamento<br \/>\n-CPF<br \/>\n&#8211; Comprovante de Resid\u00eancia (lado do endere\u00e7o)<\/p>\n<p>SEM A DOCUMENTA\u00c7\u00c3O ACIMA N\u00c3O SER\u00c1 POSS\u00cdVEL EFETUAR A MATR\u00cdCULA.<\/p>\n<p><strong>ATEN\u00c7\u00c3O:<\/strong><\/p>\n<p><strong>PARA MENORES DE IDADE O RESPONS\u00c1VEL DEVER\u00c1 ENVIAR UMA C\u00d3PIA DO RG E CPF PARA EFETUAR A MATR\u00cdCULA<\/strong><\/p>\n<p><strong>*o reajuste da mensalidade \u00e9 anualmente no momento da rematr\u00edcula do ALUNO <\/strong><strong>.<\/strong><\/p>\n<p><strong>N\u00c3O ACUMULATIVO COM OUTROS DESCONTOS. VALOR BRUTO DA MENSALIDADE\u00a0 R$1.721,84.<\/strong><\/p>\n","protected":false},"excerpt":{"rendered":"<h1>PROMO\u00c7\u00c3O MATR\u00cdCULA\u00a0 R$159,99<\/h1>\n<p>\ud83d\udc46\ud83d\udc46<span class=\"x19la9d6 x1fc57z9 x6ikm8r x10wlt62 x19co3pv x1g5zs5t xfibh0p xiy17q3 x1xsqp64 x1lkfr7t xexx8yu x4uap5 x18d9i69 xkhd6sd\"><span class=\"xrtxmta x1bhl96m\">\ud83e\udd13<\/span><\/span><span class=\"selectable-text copyable-text\">\u00a0 VALOR PROMOCIONAL POR <\/span><b><strong class=\"selectable-text copyable-text x117nqv4\">TEMPO LIMITADO!<\/strong><\/b>\u00a0<span class=\"x19la9d6 x1fc57z9 x6ikm8r x10wlt62 x19co3pv x1g5zs5t xfibh0p xiy17q3 x1xsqp64 x1lkfr7t xexx8yu x4uap5 x18d9i69 xkhd6sd\"><span class=\"xrtxmta x1bhl96m\">\ud83e\udd11<\/span><\/span><span class=\"x19la9d6 x1fc57z9 x6ikm8r x10wlt62 x19co3pv x1g5zs5t xfibh0p xiy17q3 x1xsqp64 x1lkfr7t xexx8yu x4uap5 x18d9i69 xkhd6sd\"><span class=\"xrtxmta x1bhl96m\">\u23f3<\/span><\/span> \ud83d\udc46\ud83d\udc46<\/p>\n<h2><strong>TURMAS COM IN\u00cdCIO EM A<\/strong><strong>GOSTO DE 2026\u00a0<\/strong><\/h2>\n<h3><strong>M\u00e9dia salarial:<\/strong>\u00a0<strong> entre R$ 3.000 a R$ 7.000 por m\u00eas*<\/strong><\/h3>\n<p>Uma forma\u00e7\u00e3o que prepara os alunos para atuar na elabora\u00e7\u00e3o de projetos arquitet\u00f4nicos, execu\u00e7\u00e3o de obras civis e acompanhamento de processos construtivos, capacitando-os a contribuir para o desenvolvimento de infraestruturas seguras e sustent\u00e1veis em diferentes contextos urbanos e rurais. Podendo assinar projetos.<\/p>\n<h4>VENHA FAZER PARTE DO <strong>BENTO QUIRINO.<\/strong><\/h4>\n<p> <a class=\"more-link\" href=\"https:\/\/eadbentoquirino.com.br\/ead\/produto\/edificacoes\/\">Leia mais<\/a><\/p>","protected":false},"featured_media":33065,"comment_status":"closed","ping_status":"closed","template":"","meta":{"jetpack_publicize_message":"","jetpack_publicize_feature_enabled":true,"jetpack_social_post_already_shared":false,"jetpack_social_options":{"image_generator_settings":{"template":"highway","enabled":false}}},"product_cat":[66],"product_tag":[],"class_list":{"0":"post-18320","1":"product","2":"type-product","3":"status-publish","4":"has-post-thumbnail","6":"product_cat-presencial","8":"first","9":"instock","10":"sale","11":"sold-individually","12":"shipping-taxable","13":"purchasable","14":"product-type-variable","15":"has-default-attributes"},"jetpack_publicize_connections":[],"jetpack_sharing_enabled":true,"_links":{"self":[{"href":"https:\/\/eadbentoquirino.com.br\/ead\/wp-json\/wp\/v2\/product\/18320","targetHints":{"allow":["GET"]}}],"collection":[{"href":"https:\/\/eadbentoquirino.com.br\/ead\/wp-json\/wp\/v2\/product"}],"about":[{"href":"https:\/\/eadbentoquirino.com.br\/ead\/wp-json\/wp\/v2\/types\/product"}],"replies":[{"embeddable":true,"href":"https:\/\/eadbentoquirino.com.br\/ead\/wp-json\/wp\/v2\/comments?post=18320"}],"wp:featuredmedia":[{"embeddable":true,"href":"https:\/\/eadbentoquirino.com.br\/ead\/wp-json\/wp\/v2\/media\/33065"}],"wp:attachment":[{"href":"https:\/\/eadbentoquirino.com.br\/ead\/wp-json\/wp\/v2\/media?parent=18320"}],"wp:term":[{"taxonomy":"product_cat","embeddable":true,"href":"https:\/\/eadbentoquirino.com.br\/ead\/wp-json\/wp\/v2\/product_cat?post=18320"},{"taxonomy":"product_tag","embeddable":true,"href":"https:\/\/eadbentoquirino.com.br\/ead\/wp-json\/wp\/v2\/product_tag?post=18320"}],"curies":[{"name":"wp","href":"https:\/\/api.w.org\/{rel}","templated":true}]}}