{"id":18318,"date":"2021-07-08T20:22:13","date_gmt":"2021-07-08T20:22:13","guid":{"rendered":"https:\/\/eadbentoquirino.com.br\/ead\/?post_type=product&#038;p=18318"},"modified":"2025-10-03T19:21:48","modified_gmt":"2025-10-03T19:21:48","slug":"rematricula-2o-semestre-analises-clinicas","status":"publish","type":"product","link":"https:\/\/eadbentoquirino.com.br\/ead\/produto\/rematricula-2o-semestre-analises-clinicas\/","title":{"rendered":"Rematr\u00edcula 2\u00ba M\u00f3dulo An\u00e1lises Cl\u00ednicas"},"content":{"rendered":"<p>Enquanto permanecer em vigor as normas legais sobre a necessidade de isolamento social, por conta da pandemia que atravessamos, todo nosso conte\u00fado \u00e9 ministrado por v\u00eddeos-aulas, ao vivo, apoiadas por nossa plataforma, acess\u00edvel pelos meios digitais (celulares, tablets, micros, etc), bastando ter dispon\u00edvel sinal de internet. Esta metologia exitosa foi implantada com sucesso pelo Col\u00e9gio T\u00e9cnico Bento Quirino, desde mar\u00e7o de 2020.<\/p>\n<p>Com isto asseguramos o comprimento da carga hor\u00e1ria requerida pela Legisla\u00e7\u00e3o Educacional de modo integral, evitando perdas de conte\u00fados e de dura\u00e7\u00e3o do ano letivo para os nossos alunos.<\/p>\n<p><strong>DESCRI\u00c7\u00c3O:<\/strong><\/p>\n<div id=\"1474944699768-79a00aeb-95a8\" class=\"vc_tta-panel vc_active\" data-vc-content=\".vc_tta-panel-body\">\n<div class=\"vc_tta-panel-body\">\n<div class=\"wpb_text_column wpb_content_element \">\n<div class=\"wpb_wrapper\">\n<p>O egresso do curso T\u00e9cnico de N\u00edvel M\u00e9dio em An\u00e1lises Cl\u00ednicas \u00e9 o profissional que possui uma s\u00f3lida forma\u00e7\u00e3o integrada, abrangendo o dom\u00ednio das t\u00e9cnicas, tecnologias e dos conhecimentos cient\u00edficos inerentes a profiss\u00e3o, de modo a permitir o seu acesso ao mundo do trabalho. Assim, o T\u00c9CNICO DE N\u00cdVEL M\u00c9DIO EM AN\u00c1LISES CL\u00cdNICAS \u00e9 o profissional que, pela forma\u00e7\u00e3o t\u00e9cnico-cient\u00edfica ter\u00e1 capacidade e compet\u00eancia para atuar, dentro de uma vis\u00e3o integrada de planejamento, de coordena\u00e7\u00e3o, de opera\u00e7\u00e3o e controle dos processos laboratoriais, sendo capaz de \u2013 auxiliar e executar atividades padronizadas em laborat\u00f3rios de an\u00e1lises cl\u00ednicas (Biodiagn\u00f3stico), utilizadas na busca ou confirma\u00e7\u00e3o de diagn\u00f3sticos.<br \/>\nImplantar, testar e colocar em rotina novas tecnologias que venham a surgir neste campo, em especial aquelas que envolvam conhecimentos biom\u00e9dicos.<br \/>\nOs laborat\u00f3rios de rotina, principal \u00e1rea de trabalho pretendida para o egresso neste curso, devem estar de acordo com as normas vigentes para esta atividade, sendo dever do t\u00e9cnico comunicar a falta de condi\u00e7\u00f5es adequadas de trabalho, assim como a solicita\u00e7\u00e3o dos equipamentos e materiais de prote\u00e7\u00e3o.<\/p>\n<\/div>\n<\/div>\n<\/div>\n<\/div>\n<div id=\"1474944699864-0810e2c1-03a5\" class=\"vc_tta-panel\" data-vc-content=\".vc_tta-panel-body\">\n<div class=\"vc_tta-panel-heading\">\n<h4 class=\"vc_tta-panel-title vc_tta-controls-icon-position-left\"><strong>MERCADO DE TRABALHO:<\/strong><\/h4>\n<\/div>\n<\/div>\n<p>Hospitais, cl\u00ednicas e Postos de Sa\u00fade, hospitais e cl\u00ednicas veterin\u00e1rias, laborat\u00f3rios de bromatologia (an\u00e1lises de alimentos), laborat\u00f3rios de diagn\u00f3sticos m\u00e9dicos; Laborat\u00f3rios de Universidades, dando apoio \u00e0s aulas pr\u00e1ticas e pesquisas.<br \/>\nEm laborat\u00f3rios de controle de qualidade em sa\u00fade, participa\u00e7\u00e3o no processo de biosseguran\u00e7a colaborando na sua implanta\u00e7\u00e3o; Esta\u00e7\u00f5es de Tratamento (\u00e1gua e esgoto); Biologia Molecular; Toxicologia forense.<\/p>\n<p><strong>\ud83d\udd53 DURA\u00c7\u00c3O DO CURSO: 18 MESES<\/strong><\/p>\n<h4>VERIFICAR SE A DOCUMENTA\u00c7\u00c3O ABAIXO J\u00c1 FOI ENTREGUES NA SECRET\u00c1RIA<\/h4>\n<p>Comprovante de bolsa (documento onde consta a porcentagem de bolsa obtida pela participa\u00e7\u00e3o no processo seletivo)<\/p>\n<p>1 C\u00f3pia do hist\u00f3rico escolar do 2\u00ba Grau<br \/>\n(documento necess\u00e1rio para efetuar a matricula)<br \/>\n1 C\u00f3pia\u00a0 do RG (documento necess\u00e1rio para efetuar a matricula)<br \/>\n1 Foto 3\/4<br \/>\n1 C\u00f3pia da certid\u00e3o de nascimento ou casamento<br \/>\n1 C\u00f3pia do CPF<br \/>\n1 C\u00f3pia do Comprovante de Resid\u00eancia (lado do endere\u00e7o)<\/p>\n<p>SEM A DOCUMENTA\u00c7\u00c3O ACIMA N\u00c3O SER\u00c1 POSS\u00cdVEL EFETUAR A MATR\u00cdCULA.<\/p>\n<p><strong>ATEN\u00c7\u00c3O:<\/strong><\/p>\n<p><strong>PARA MENORES DE IDADE O RESPONS\u00c1VEL DEVER\u00c1 ENVIAR UMA C\u00d3PIA DO RG E CPF PARA EFETUAR A MATR\u00cdCULA<\/strong><\/p>\n<h2><strong> Envio dos Documentos: secretaria@bentoquirino.com.br<\/strong><\/h2>\n<p><strong>*o reajuste da mensalidade \u00e9 anualmente no momento da rematr\u00edcula do ALUNO <\/strong><strong>.<\/strong><\/p>\n","protected":false},"excerpt":{"rendered":"<p>\ud83d\udc46\ud83d\udc46\ud83d\udc46\ud83d\udc46<strong>VALOR REFERENTE A PARCELA DE JANEIRO 2022<\/strong>\u00a0\ud83d\udc46\ud83d\udc46\ud83d\udc46\ud83d\udc46<\/p>\n<h2><strong>IMPORTANTE, SER\u00c3O ENTREGUES DOIS DOCUMENTOS:<\/strong><\/h2>\n<p><strong>1\u00ba REQUERIMENTO DE REMATRICULA\u00a0<\/strong><\/p>\n<p><strong>2\u00ba CONTRATO DE REMATR\u00cdCULA<\/strong><\/p>\n<p>\u00c9 OBRIGAT\u00d3RIO A ASSINATURA DOS DOIS PARA EFETUAR SUA REMATR\u00cdCULA<\/p>\n<p>&nbsp;<\/p>\n<p> <a class=\"more-link\" href=\"https:\/\/eadbentoquirino.com.br\/ead\/produto\/rematricula-2o-semestre-analises-clinicas\/\">Leia mais<\/a><\/p>","protected":false},"featured_media":12605,"comment_status":"closed","ping_status":"closed","template":"","meta":{"jetpack_publicize_message":"","jetpack_publicize_feature_enabled":true,"jetpack_social_post_already_shared":false,"jetpack_social_options":{"image_generator_settings":{"template":"highway","enabled":false}}},"product_cat":[188],"product_tag":[],"class_list":{"0":"post-18318","1":"product","2":"type-product","3":"status-publish","4":"has-post-thumbnail","6":"product_cat-rematricula","8":"first","9":"instock","10":"sold-individually","11":"shipping-taxable","12":"purchasable","13":"product-type-variable","14":"has-default-attributes"},"jetpack_publicize_connections":[],"jetpack_sharing_enabled":true,"_links":{"self":[{"href":"https:\/\/eadbentoquirino.com.br\/ead\/wp-json\/wp\/v2\/product\/18318","targetHints":{"allow":["GET"]}}],"collection":[{"href":"https:\/\/eadbentoquirino.com.br\/ead\/wp-json\/wp\/v2\/product"}],"about":[{"href":"https:\/\/eadbentoquirino.com.br\/ead\/wp-json\/wp\/v2\/types\/product"}],"replies":[{"embeddable":true,"href":"https:\/\/eadbentoquirino.com.br\/ead\/wp-json\/wp\/v2\/comments?post=18318"}],"wp:featuredmedia":[{"embeddable":true,"href":"https:\/\/eadbentoquirino.com.br\/ead\/wp-json\/wp\/v2\/media\/12605"}],"wp:attachment":[{"href":"https:\/\/eadbentoquirino.com.br\/ead\/wp-json\/wp\/v2\/media?parent=18318"}],"wp:term":[{"taxonomy":"product_cat","embeddable":true,"href":"https:\/\/eadbentoquirino.com.br\/ead\/wp-json\/wp\/v2\/product_cat?post=18318"},{"taxonomy":"product_tag","embeddable":true,"href":"https:\/\/eadbentoquirino.com.br\/ead\/wp-json\/wp\/v2\/product_tag?post=18318"}],"curies":[{"name":"wp","href":"https:\/\/api.w.org\/{rel}","templated":true}]}}