{"id":18299,"date":"2021-07-08T20:04:28","date_gmt":"2021-07-08T20:04:28","guid":{"rendered":"https:\/\/eadbentoquirino.com.br\/ead\/?post_type=product&#038;p=18299"},"modified":"2025-10-03T19:22:24","modified_gmt":"2025-10-03T19:22:24","slug":"rematricula-2o-semestre-nutricao-e-dietetica","status":"publish","type":"product","link":"https:\/\/eadbentoquirino.com.br\/ead\/produto\/rematricula-2o-semestre-nutricao-e-dietetica\/","title":{"rendered":"Rematr\u00edcula 2\u00ba M\u00f3dulo Nutri\u00e7\u00e3o e Diet\u00e9tica"},"content":{"rendered":"<p>Enquanto permanecer em vigor as normas legais sobre a necessidade de isolamento social, por conta da pandemia que atravessamos, todo nosso conte\u00fado \u00e9 ministrado por v\u00eddeos-aulas, ao vivo, apoiadas por nossa plataforma, acess\u00edvel pelos meios digitais (celulares, tablets, micros, etc), bastando ter dispon\u00edvel sinal de internet. Esta metologia exitosa foi implantada com sucesso pelo Col\u00e9gio T\u00e9cnico Bento Quirino, desde mar\u00e7o de 2020.<\/p>\n<p>Com isto asseguramos o comprimento da carga hor\u00e1ria requerida pela Legisla\u00e7\u00e3o Educacional de modo integral, evitando perdas de conte\u00fados e de dura\u00e7\u00e3o do ano letivo para os nossos alunos.<\/p>\n<p><strong>\ud83d\udd53 DURA\u00c7\u00c3O DO CURSO: 18 MESES<\/strong><\/p>\n<p><strong>DESCRI\u00c7\u00c3O:<\/strong><\/p>\n<p>S\u00e3o profissionais voltados ao controle t\u00e9cnico do servi\u00e7o de alimenta\u00e7\u00e3o (compras, armazenamento, custos, quantidade, qualidade, aceitabilidade, coordena\u00e7\u00e3o e supervis\u00e3o do trabalho nos processos de coc\u00e7\u00e3o dos alimentos); supervis\u00e3o da manuten\u00e7\u00e3o dos equipamentos e do ambiente; estudos do arranjo f\u00edsico do setor; treinamento do pessoal do servi\u00e7o de alimenta\u00e7\u00e3o; divulga\u00e7\u00e3o de conhecimentos sobre alimenta\u00e7\u00e3o correta e da utiliza\u00e7\u00e3o de produtos alimentares (educa\u00e7\u00e3o alimentar); pesquisas em cozinha experimental.<br \/>\nAtuando na elabora\u00e7\u00e3o de card\u00e1pios, aliando a sa\u00fade ao prazer de comer e sua qualidade sempre executando o planejamento de servi\u00e7os alimentares com a supervis\u00e3o de um Nutricionista.<\/p>\n<p><strong>MERCADO DE TRABALHO:<\/strong><\/p>\n<p>Pode exercer suas atividades aonde houver produ\u00e7\u00e3o de alimentos como: cozinhas industriais, escolas, creches, hospitais, casa de repouso, hot\u00e9is, restaurantes comerciais, escolas \u2013 na prepara\u00e7\u00e3o da merenda escolar, restaurantes, redes de fastfood. Em pesquisa como: laborat\u00f3rios bromatol\u00f3gicos e de tecnologia alimentar e cozinha experimental. Atua, ainda, na divulga\u00e7\u00e3o de produtos alimentares e no treinamento de pessoal em servi\u00e7os de alimenta\u00e7\u00e3o.<\/p>\n<p>&nbsp;<\/p>\n<h4>VERIFICAR SE A DOCUMENTA\u00c7\u00c3O ABAIXO J\u00c1 FOI ENTREGUES NA SECRET\u00c1RIA<\/h4>\n<p>Comprovante de bolsa (documento onde consta a porcentagem de bolsa obtida pela participa\u00e7\u00e3o no processo seletivo)<\/p>\n<p>1 C\u00f3pia do hist\u00f3rico escolar do 2\u00ba Grau<br \/>\n(documento necess\u00e1rio para efetuar a matricula)<br \/>\n1 C\u00f3pia\u00a0 do RG (documento necess\u00e1rio para efetuar a matricula)<br \/>\n1 Foto 3\/4<br \/>\n1 C\u00f3pia da certid\u00e3o de nascimento ou casamento<br \/>\n1 C\u00f3pia do CPF<br \/>\n1 C\u00f3pia do Comprovante de Resid\u00eancia (lado do endere\u00e7o)<\/p>\n<p>SEM A DOCUMENTA\u00c7\u00c3O ACIMA N\u00c3O SER\u00c1 POSS\u00cdVEL EFETUAR A MATR\u00cdCULA.<\/p>\n<p><strong>ATEN\u00c7\u00c3O:<\/strong><\/p>\n<p><strong>PARA MENORES DE IDADE O RESPONS\u00c1VEL DEVER\u00c1 ENVIAR UMA C\u00d3PIA DO RG E CPF PARA EFETUAR A MATR\u00cdCULA<\/strong><\/p>\n<h2><strong> Envio dos Documentos: secretaria@bentoquirino.com.br<\/strong><\/h2>\n<p><strong>*o reajuste da mensalidade \u00e9 anualmente no momento da rematr\u00edcula do ALUNO <\/strong><strong>.<\/strong><\/p>\n","protected":false},"excerpt":{"rendered":"<p>\ud83d\udc46\ud83d\udc46\ud83d\udc46\ud83d\udc46<strong>VALOR REFERENTE A PARCELA DE JULHO 2022<\/strong>\u00a0\ud83d\udc46\ud83d\udc46\ud83d\udc46\ud83d\udc46<\/p>\n<h2><strong>IMPORTANTE, SER\u00c3O ENTREGUES DOIS DOCUMENTOS:<\/strong><\/h2>\n<p><strong>1\u00ba REQUERIMENTO DE REMATRICULA\u00a0<\/strong><\/p>\n<p><strong>2\u00ba CONTRATO DE REMATR\u00cdCULA<\/strong><\/p>\n<p>\u00c9 OBRIGAT\u00d3RIO A ASSINATURA DOS DOIS PARA EFETUAR SUA REMATR\u00cdCULA<\/p>\n<p> <a class=\"more-link\" href=\"https:\/\/eadbentoquirino.com.br\/ead\/produto\/rematricula-2o-semestre-nutricao-e-dietetica\/\">Leia mais<\/a><\/p>","protected":false},"featured_media":18227,"comment_status":"closed","ping_status":"closed","template":"","meta":{"jetpack_publicize_message":"","jetpack_publicize_feature_enabled":true,"jetpack_social_post_already_shared":false,"jetpack_social_options":{"image_generator_settings":{"template":"highway","enabled":false}}},"product_cat":[188],"product_tag":[],"class_list":{"0":"post-18299","1":"product","2":"type-product","3":"status-publish","4":"has-post-thumbnail","6":"product_cat-rematricula","8":"first","9":"instock","10":"sold-individually","11":"shipping-taxable","12":"purchasable","13":"product-type-variable","14":"has-default-attributes"},"jetpack_publicize_connections":[],"jetpack_sharing_enabled":true,"_links":{"self":[{"href":"https:\/\/eadbentoquirino.com.br\/ead\/wp-json\/wp\/v2\/product\/18299","targetHints":{"allow":["GET"]}}],"collection":[{"href":"https:\/\/eadbentoquirino.com.br\/ead\/wp-json\/wp\/v2\/product"}],"about":[{"href":"https:\/\/eadbentoquirino.com.br\/ead\/wp-json\/wp\/v2\/types\/product"}],"replies":[{"embeddable":true,"href":"https:\/\/eadbentoquirino.com.br\/ead\/wp-json\/wp\/v2\/comments?post=18299"}],"wp:featuredmedia":[{"embeddable":true,"href":"https:\/\/eadbentoquirino.com.br\/ead\/wp-json\/wp\/v2\/media\/18227"}],"wp:attachment":[{"href":"https:\/\/eadbentoquirino.com.br\/ead\/wp-json\/wp\/v2\/media?parent=18299"}],"wp:term":[{"taxonomy":"product_cat","embeddable":true,"href":"https:\/\/eadbentoquirino.com.br\/ead\/wp-json\/wp\/v2\/product_cat?post=18299"},{"taxonomy":"product_tag","embeddable":true,"href":"https:\/\/eadbentoquirino.com.br\/ead\/wp-json\/wp\/v2\/product_tag?post=18299"}],"curies":[{"name":"wp","href":"https:\/\/api.w.org\/{rel}","templated":true}]}}