{"id":14489,"date":"2020-10-15T19:08:02","date_gmt":"2020-10-15T19:08:02","guid":{"rendered":"https:\/\/eadbentoquirino.com.br\/ead\/?post_type=product&#038;p=14489"},"modified":"2025-11-25T11:07:49","modified_gmt":"2025-11-25T11:07:49","slug":"rematricula-ensino-fundamental-8o-ano-para-ano-letivo-2026","status":"publish","type":"product","link":"https:\/\/eadbentoquirino.com.br\/ead\/produto\/rematricula-ensino-fundamental-8o-ano-para-ano-letivo-2026\/","title":{"rendered":"Rematr\u00edcula Ensino Fundamental 8\u00ba ano- para ano letivo 2026"},"content":{"rendered":"<div id=\"page\" class=\"site\">\n<div class=\"site-inner\">\n<div class=\"container\">\n<div class=\"row\">\n<div class=\"site-main col-sm-24 \">\n<h1 style=\"text-align: center;\"><strong>REMATR\u00cdCULA Ensino Fundamental- 8\u00baano- Ano Letivo 2026<\/strong><\/h1>\n<p>&nbsp;<\/p>\n<p>Enquanto permanecer em vigor as normas legais sobre a necessidade de isolamento social, por conta da pandemia que atravessamos, todo nosso conte\u00fado \u00e9 ministrado por v\u00eddeos-aulas, ao vivo, apoiadas por nossa plataforma, acess\u00edvel pelos meios digitais (celulares, tablets, micros, etc), bastando ter dispon\u00edvel sinal de internet. Esta metologia exitosa foi implantada com sucesso pelo Col\u00e9gio T\u00e9cnico Bento Quirino, desde mar\u00e7o de 2020.<\/p>\n<p>Com isto asseguramos o comprimento da carga hor\u00e1ria requerida pela Legisla\u00e7\u00e3o Educacional de modo integral, evitando perdas de conte\u00fados e de dura\u00e7\u00e3o do ano letivo para os nossos alunos.<\/p>\n<p>&nbsp;<\/p>\n<article id=\"post-31404\" class=\"post-31404 page type-page status-publish hentry\">\n<div class=\"entry-content col-sm-24\">\n<div class=\"vc_row wpb_row vc_row-fluid vc_row-no-padding\" data-vc-full-width=\"true\" data-vc-full-width-init=\"true\" data-vc-stretch-content=\"true\">\n<div class=\"wpb_column vc_column_container vc_col-sm-6\">\n<div class=\"vc_column-inner \">\n<div class=\"wpb_wrapper\">\n<div class=\"wpb_text_column wpb_content_element vc_custom_1591132364997\">\n<div class=\"wpb_wrapper\">\n<p>O Sistema Dual de Ensino, tradicionalmente, se refere ao sistema de ensino que une a teoria e a pr\u00e1tica no mesmo momento. Originalmente surgiu na Alemanha e logo foi adotado, tamb\u00e9m, pela Su\u00ed\u00e7a e \u00c1ustria. Atualmente, \u00e9 conhecido mundialmente e adotado em diversos pa\u00edses.<\/p>\n<p>Inspirado nesta exitosa experi\u00eancia o Col\u00e9gio T\u00e9cnico Bento Quirino, por seu corpo docente, desenvolveu metodologia pr\u00f3pria para levar aos jovens do ensino fundamental, a partir do n\u00edvel II, conhecimento pr\u00e1tico das principais profiss\u00f5es, capazes de \u201cDespertar Voca\u00e7\u00f5es\u201d. Ao longo das quatro s\u00e9ries que comp\u00f5em este n\u00edvel de ensino, ser\u00e3o apresentadas as principais profiss\u00f5es, por meio de professores habilitados, adotando m\u00e9todos expositivos claros, com demonstra\u00e7\u00f5es pr\u00e1ticas do desempenho das profiss\u00f5es, tudo em ambientes controlados.<\/p>\n<p>Com apresenta\u00e7\u00f5es din\u00e2micas e interativas, pretendemos que sejam esclarecidas d\u00favidas do que e como um profissional, j\u00e1 formado, desempenha suas fun\u00e7\u00f5es, resolve seus problemas e contribui para a constru\u00e7\u00e3o de mundo melhor, pelo uso do conhecimento, com \u00e9tica e com responsabilidade social.<\/p>\n<p>Temos a convic\u00e7\u00e3o que estes jovens, poder\u00e3o amanh\u00e3 tomar uma decis\u00e3o assertiva da profiss\u00e3o que ir\u00e3o abra\u00e7ar, com a certeza do que escolheram uma profiss\u00e3o inteiramente vocacionada, com respeito a suas pr\u00f3prias individualidades e afinidades.<\/p>\n<p>O Col\u00e9gio T\u00e9cnico Bento Quirino, por seus mais de 100 anos dedicados ao ensino, se sente confort\u00e1vel em abra\u00e7ar este desafio que lhe foi imposto por pais e respons\u00e1veis preocupados em dar, n\u00e3o s\u00f3 uma boa forma\u00e7\u00e3o escolar aos seus filhos, mas principalmente em fornecer uma educa\u00e7\u00e3o que possibilitasse, hoje, desenvolver a confian\u00e7a da escolha de uma profiss\u00e3o capaz de vencer os desafios e exig\u00eancias que o universo de trabalho exigir\u00e1 de cada um, amanh\u00e3.<\/p>\n<p>Temos o prazer em convid\u00e1-lo a vir conhecer nossos ambientes educacionais, maiores detalhes desta inovadora motiva\u00e7\u00e3o educacional e a fazer a op\u00e7\u00e3o acertada matriculando seu\/sua filho(a) no \u201cBentinho\u201d, como \u00e9 carinhosamente chamada pela nossa comunidade.<\/p>\n<\/div>\n<\/div>\n<div class=\"vc_empty_space\">\n<p>&nbsp;<\/p>\n<\/div>\n<\/div>\n<\/div>\n<\/div>\n<\/div>\n<\/div>\n<div class=\"clear\"><\/div>\n<\/article>\n<p>&nbsp;<\/p>\n<\/div>\n<\/div>\n<\/div>\n<div id=\"fb-root\"><\/div>\n<\/div>\n<\/div>\n","protected":false},"excerpt":{"rendered":"<p>\ud83d\udc46\ud83d\udc46\ud83d\udc46\ud83d\udc46<strong>DESCONTO ESPECIAL NA\u00a0 MATR\u00cdCULA<\/strong> \ud83d\udc46\ud83d\udc46\ud83d\udc46\ud83d\udc46<\/p>\n<p>QUANDO COLOCAR O R.A. NO C\u00d3DIGO DO CUPOM<\/p>\n<p>TER\u00c1 DESCONTO NA MATR\u00cdCULA E NA MENSALIDADE.<\/p>\n<p>VENHA FAZER PARTE DO\u00a0<strong>BENTO QUIRINO.<\/strong><\/p>\n<p>&nbsp;<\/p>\n<p> <a class=\"more-link\" href=\"https:\/\/eadbentoquirino.com.br\/ead\/produto\/rematricula-ensino-fundamental-8o-ano-para-ano-letivo-2026\/\">Leia mais<\/a><\/p>","protected":false},"featured_media":28947,"comment_status":"closed","ping_status":"closed","template":"","meta":{"jetpack_publicize_message":"","jetpack_publicize_feature_enabled":true,"jetpack_social_post_already_shared":false,"jetpack_social_options":{"image_generator_settings":{"template":"highway","enabled":false}}},"product_cat":[188],"product_tag":[],"class_list":{"0":"post-14489","1":"product","2":"type-product","3":"status-publish","4":"has-post-thumbnail","6":"product_cat-rematricula","8":"first","9":"instock","10":"sold-individually","11":"shipping-taxable","12":"purchasable","13":"product-type-variable"},"jetpack_publicize_connections":[],"jetpack_sharing_enabled":true,"_links":{"self":[{"href":"https:\/\/eadbentoquirino.com.br\/ead\/wp-json\/wp\/v2\/product\/14489","targetHints":{"allow":["GET"]}}],"collection":[{"href":"https:\/\/eadbentoquirino.com.br\/ead\/wp-json\/wp\/v2\/product"}],"about":[{"href":"https:\/\/eadbentoquirino.com.br\/ead\/wp-json\/wp\/v2\/types\/product"}],"replies":[{"embeddable":true,"href":"https:\/\/eadbentoquirino.com.br\/ead\/wp-json\/wp\/v2\/comments?post=14489"}],"wp:featuredmedia":[{"embeddable":true,"href":"https:\/\/eadbentoquirino.com.br\/ead\/wp-json\/wp\/v2\/media\/28947"}],"wp:attachment":[{"href":"https:\/\/eadbentoquirino.com.br\/ead\/wp-json\/wp\/v2\/media?parent=14489"}],"wp:term":[{"taxonomy":"product_cat","embeddable":true,"href":"https:\/\/eadbentoquirino.com.br\/ead\/wp-json\/wp\/v2\/product_cat?post=14489"},{"taxonomy":"product_tag","embeddable":true,"href":"https:\/\/eadbentoquirino.com.br\/ead\/wp-json\/wp\/v2\/product_tag?post=14489"}],"curies":[{"name":"wp","href":"https:\/\/api.w.org\/{rel}","templated":true}]}}