{"id":13890,"date":"2020-10-10T10:42:03","date_gmt":"2020-10-10T10:42:03","guid":{"rendered":"https:\/\/eadbentoquirino.com.br\/ead\/?post_type=product&#038;p=13890"},"modified":"2025-11-25T11:05:26","modified_gmt":"2025-11-25T11:05:26","slug":"rematricula-ensino-medio-ensino-tecnico-3oano-ano-letivo-2026","status":"publish","type":"product","link":"https:\/\/eadbentoquirino.com.br\/ead\/produto\/rematricula-ensino-medio-ensino-tecnico-3oano-ano-letivo-2026\/","title":{"rendered":"REMATR\u00cdCULA Ensino M\u00e9dio + Ensino T\u00e9cnico 3\u00baano- Ano Letivo 2026"},"content":{"rendered":"<div id=\"page\" class=\"site\">\n<div class=\"site-inner\">\n<div class=\"container\">\n<div class=\"row\">\n<div class=\"site-main col-sm-24 \">\n<h1 style=\"text-align: center;\"><strong>REMATR\u00cdCULA Ensino M\u00e9dio + Ensino T\u00e9cnico- 3\u00baano- Ano Letivo 2026<\/strong><\/h1>\n<p>&nbsp;<\/p>\n<p>Enquanto permanecer em vigor as normas legais sobre a necessidade de isolamento social, por conta da pandemia que atravessamos, todo nosso conte\u00fado \u00e9 ministrado por v\u00eddeos-aulas, ao vivo, apoiadas por nossa plataforma, acess\u00edvel pelos meios digitais (celulares, tablets, micros, etc), bastando ter dispon\u00edvel sinal de internet. Esta metologia exitosa foi implantada com sucesso pelo Col\u00e9gio T\u00e9cnico Bento Quirino, desde mar\u00e7o de 2020.<\/p>\n<p>Com isto asseguramos o comprimento da carga hor\u00e1ria requerida pela Legisla\u00e7\u00e3o Educacional de modo integral, evitando perdas de conte\u00fados e de dura\u00e7\u00e3o do ano letivo para os nossos alunos.<\/p>\n<p>No BENTO QUIRINO, para quem concluiu o Ensino Fundamental, o Col\u00e9gio oferece o Ensino M\u00e9dio concomitante (junto) ao Curso T\u00e9cnico (Habilita\u00e7\u00e3o Profissional T\u00e9cnica de N\u00edvel M\u00e9dio). Assim, ao final de tr\u00eas anos, os nossos alunos recebem: a certifica\u00e7\u00e3o de conclus\u00e3o do Ensino M\u00e9dio, que possibilita a continua\u00e7\u00e3o\/prosseguimento de estudos no n\u00edvel universit\u00e1rio e o Diploma de T\u00e9cnico na habilita\u00e7\u00e3o escolhida, que possibilita o acesso ao mercado de trabalho.<\/p>\n<p>Para quem j\u00e1 concluiu o Ensino M\u00e9dio, a dura\u00e7\u00e3o do Curso T\u00e9cnico \u00e9 reduzida para 12 ou 18 meses (2 ou 3 semestres letivos), dependendo da carga hor\u00e1ria do curso escolhido.<\/p>\n<p>No Ensino M\u00e9dio o nosso objetivo, al\u00e9m da consolida\u00e7\u00e3o e aprofundamento dos conhecimentos j\u00e1 adquiridos, \u00e9 a prepara\u00e7\u00e3o dos alunos para enfrentar os desafios de um mundo globalizado que se modifica com muita intensidade e rapidez.<\/p>\n<p>Na organiza\u00e7\u00e3o curricular, os conte\u00fados\/conceitos s\u00e3o trabalhados de maneira contextualizada, sempre com articulando os conceitos e a realidade social vivida. A reflex\u00e3o, a criatividade, a argumenta\u00e7\u00e3o, o di\u00e1logo e a autonomia intelectual s\u00e3o os eixos de sustenta\u00e7\u00e3o do Projeto Pedag\u00f3gico. Nossos valores como cidad\u00e3os do mundo: valoriza\u00e7\u00e3o da vida, respeito humano, solidariedade, responsabilidade\/compromisso social e a preserva\u00e7\u00e3o ambiental.<\/p>\n<p>O ambiente escolar \u00e9 bastante agrad\u00e1vel, acolhedor e prazeroso. Buscamos sempre ouvir nossos alunos atrav\u00e9s do Conselho de Representantes de Classe. A participa\u00e7\u00e3o \u00e9 efetiva, n\u00e3o apenas com sugest\u00f5es, mas na organiza\u00e7\u00e3o e na realiza\u00e7\u00e3o dos eventos importantes do Col\u00e9gio, como: Semana de Estudos, Trote X Fome, Olimp\u00edadas de Matem\u00e1tica\/F\u00edsica e Inform\u00e1tica, Simulados ENEM, Torneiros\/Campeonatos Esportivos, Oficinas de Reda\u00e7\u00e3o, entre outros.<\/p>\n<p>Na Educa\u00e7\u00e3o Profissional (Curso T\u00e9cnico), o nosso alvo \u00e9 a forma\u00e7\u00e3o profissional competente. Estamos sempre nos atualizando e em contato direto com o mercado de trabalho. Como conseq\u00fc\u00eancia, temos obtido resultados muito positivos, os quais, facilitam aos nossos alunos, o ingresso no mercado de trabalho e sucesso profissional.<\/p>\n<article id=\"post-31404\" class=\"post-31404 page type-page status-publish hentry\">\n<div class=\"entry-content col-sm-24\">\n<div class=\"vc_row wpb_row vc_row-fluid vc_row-no-padding\" data-vc-full-width=\"true\" data-vc-full-width-init=\"true\" data-vc-stretch-content=\"true\">\n<div class=\"wpb_column vc_column_container vc_col-sm-6\">\n<div class=\"vc_column-inner \">\n<div class=\"wpb_wrapper\">\n<div class=\"vc_empty_space\"><\/div>\n<\/div>\n<\/div>\n<\/div>\n<\/div>\n<\/div>\n<\/article>\n<\/div>\n<\/div>\n<\/div>\n<div id=\"fb-root\"><\/div>\n<\/div>\n<\/div>\n","protected":false},"excerpt":{"rendered":"<p>\ud83d\udc46\ud83d\udc46\ud83d\udc46\ud83d\udc46\u00a0<strong>DESCONTO ESPECIAL NA\u00a0 MATR\u00cdCULA<\/strong> \ud83d\udc46\ud83d\udc46\ud83d\udc46\ud83d\udc46<\/p>\n<p>QUANDO COLOCAR O R.A. NO C\u00d3DIGO DO CUPOM<\/p>\n<p>TER\u00c1 DESCONTO NA MATR\u00cdCULA E NA MENSALIDADE.<\/p>\n<p>VENHA FAZER PARTE DO <strong>BENTO QUIRINO.<\/strong><\/p>\n<p>&nbsp;<\/p>\n<p> <a class=\"more-link\" href=\"https:\/\/eadbentoquirino.com.br\/ead\/produto\/rematricula-ensino-medio-ensino-tecnico-3oano-ano-letivo-2026\/\">Leia mais<\/a><\/p>","protected":false},"featured_media":31767,"comment_status":"closed","ping_status":"closed","template":"","meta":{"jetpack_publicize_message":"","jetpack_publicize_feature_enabled":true,"jetpack_social_post_already_shared":false,"jetpack_social_options":{"image_generator_settings":{"template":"highway","enabled":false}}},"product_cat":[188],"product_tag":[],"class_list":{"0":"post-13890","1":"product","2":"type-product","3":"status-publish","4":"has-post-thumbnail","6":"product_cat-rematricula","8":"first","9":"instock","10":"sold-individually","11":"shipping-taxable","12":"purchasable","13":"product-type-variable","14":"has-default-attributes"},"jetpack_publicize_connections":[],"jetpack_sharing_enabled":true,"_links":{"self":[{"href":"https:\/\/eadbentoquirino.com.br\/ead\/wp-json\/wp\/v2\/product\/13890","targetHints":{"allow":["GET"]}}],"collection":[{"href":"https:\/\/eadbentoquirino.com.br\/ead\/wp-json\/wp\/v2\/product"}],"about":[{"href":"https:\/\/eadbentoquirino.com.br\/ead\/wp-json\/wp\/v2\/types\/product"}],"replies":[{"embeddable":true,"href":"https:\/\/eadbentoquirino.com.br\/ead\/wp-json\/wp\/v2\/comments?post=13890"}],"wp:featuredmedia":[{"embeddable":true,"href":"https:\/\/eadbentoquirino.com.br\/ead\/wp-json\/wp\/v2\/media\/31767"}],"wp:attachment":[{"href":"https:\/\/eadbentoquirino.com.br\/ead\/wp-json\/wp\/v2\/media?parent=13890"}],"wp:term":[{"taxonomy":"product_cat","embeddable":true,"href":"https:\/\/eadbentoquirino.com.br\/ead\/wp-json\/wp\/v2\/product_cat?post=13890"},{"taxonomy":"product_tag","embeddable":true,"href":"https:\/\/eadbentoquirino.com.br\/ead\/wp-json\/wp\/v2\/product_tag?post=13890"}],"curies":[{"name":"wp","href":"https:\/\/api.w.org\/{rel}","templated":true}]}}