{"id":12671,"date":"2020-09-21T23:36:58","date_gmt":"2020-09-21T23:36:58","guid":{"rendered":"https:\/\/eadbentoquirino.com.br\/ead\/?post_type=product&#038;p=12671"},"modified":"2023-01-16T17:53:25","modified_gmt":"2023-01-16T17:53:25","slug":"extensao-modelo","status":"publish","type":"product","link":"https:\/\/eadbentoquirino.com.br\/ead\/produto\/extensao-modelo\/","title":{"rendered":"Extens\u00e3o MODELO"},"content":{"rendered":"<p><b>OBJETIVO<\/b><strong> DO CURSO : <\/strong><\/p>\n<p>O objetivo geral dos cursos de extens\u00e3o \u00e9 proporcionar ao aluno a possibilidade de acompanhar as tend\u00eancias de mercado de trabalho, desenvolvendo habilidades e compet\u00eancias relacionadas \u00e0 \u00e1rea de atua\u00e7\u00e3o escolhida<\/p>\n<ul>\n<li><strong>MODALIDADE: 100% <\/strong><b>ONLINE<\/b><\/li>\n<li><strong> \ud83d\udd53 DURA\u00c7\u00c3O DO CURSO: xxx horas-aula\u00a0<\/strong><\/li>\n<\/ul>\n<p>&nbsp;<\/p>\n<ul>\n<li><strong>CURSOS DE EXTENS\u00c3O:<\/strong><\/li>\n<\/ul>\n<p>Os cursos de extens\u00e3o s\u00e3o disciplinas focada a necessidade do mercado de trabalho, o que os tornam ainda mais s\u00f3lidos academicamente.<\/p>\n<p>Os cursos s\u00e3o 100% online, e ocorrem sem avalia\u00e7\u00e3o e sem intera\u00e7\u00e3o com professores, focando exclusivamente no conte\u00fado disponibilizado ao aluno.<\/p>\n<p>H\u00e1 v\u00e1rias formas de se adquirir conhecimento, uma delas \u00e9 por meio dos cursos de extens\u00e3o que pode ser realizado antes, durante ou ap\u00f3s uma gradua\u00e7\u00e3o.<\/p>\n<p>&nbsp;<\/p>\n<ul>\n<li><strong>CERTIFICADO:<\/strong><\/li>\n<\/ul>\n<p>As certifica\u00e7\u00f5es do Bento Quirino, como esta, conferem a voc\u00ea um certificado em formato curso de extens\u00e3o.<\/p>\n<ul>\n<li><strong>QUEM SOMOS<\/strong><\/li>\n<\/ul>\n<p>O BENTO QUIRINO Online \u00e9 resultado da uni\u00e3o entre a solidez acad\u00eamica de um dos melhores Col\u00e9gio T\u00e9cnico privados do Brasil\u00a0 e a Faculdade IPEP . A parceria viabilizou um modelo pioneiro de educa\u00e7\u00e3o continuada no Brasil que combina a tradi\u00e7\u00e3o de um Col\u00e9gio T\u00e9cnico de 110 anos\u00a0 e com uma Faculdade que conta com a experi\u00eancia de professores e metodologia \u00fanica para melhor qualificar seu aluno no mercado.<\/p>\n<p>Localizada em S\u00e3o Paulo e\u00a0 Campinas, O Col\u00e9gio Polit\u00e9cnico Bento Quirino, ao longo de uma trajet\u00f3ria de mais de 110 anos, \u00e9 reconhecida como um col\u00e9gio inovador,\u00a0 sendo terceiro Col\u00e9gio T\u00e9cnico do Brasil Fundado em 1910, e destaca-se por oferecer um dos portf\u00f3lios mais completos de\u00a0 cursos t\u00e9cnico e agora lan\u00e7a uma das maiores plataforma de\u00a0 educa\u00e7\u00e3o continuada do Brasil..<\/p>\n<ul>\n<li><strong>OBJETIVO GERAL<\/strong><\/li>\n<\/ul>\n<p>Os cursos de extens\u00e3o \u00e9 proporcionar ao aluno a possibilidade de acompanhar as tend\u00eancias de mercado de trabalho, desenvolvendo habilidades e compet\u00eancias relacionadas \u00e0 \u00e1rea de atua\u00e7\u00e3o escolhida<\/p>\n<p>A modalidade online dos cursos de Extens\u00e3o s\u00e3o indicadas para profissionais e alunos que desejam flexibilidade de hor\u00e1rio ou mesmo n\u00e3o desejam se deslocar. A solu\u00e7\u00e3o para quem deseja ter os mesmos benef\u00edcios da turma presencial, com mais conforto e acessibilidade.<\/p>\n<p>Veja os benef\u00edcios para o crescimento intelectual e sucesso profissional que esses cursos pode te proporcionar<\/p>\n<ul>\n<li>Desenvolver novas habilidades e compet\u00eancias<\/li>\n<li>Atua\u00e7\u00e3o quanto \u00e0s tend\u00eancias de mercado<\/li>\n<li>Conhecer diferentes \u00e1reas de atua\u00e7\u00e3o<\/li>\n<li>Forma\u00e7\u00e3o mais r\u00e1pida<\/li>\n<li>Permitir maior conhecimento antes da entrada na faculdade<\/li>\n<\/ul>\n<p>Os cursos de Extens\u00e3o proporcionam maior conhecimento em curto espa\u00e7o de tempo, s\u00e3o forma\u00e7\u00f5es direcionadas a diversos p\u00fablicos da sociedade que buscam aperfei\u00e7oar seu aprendizado.<\/p>\n<p>&nbsp;<\/p>\n","protected":false},"excerpt":{"rendered":"<p>\ud83d\udc46\ud83d\udc46\ud83d\udc46\ud83d\udc46<strong>DESCONTO ESPECIAL NA\u00a0 MATR\u00cdCULA<\/strong> \ud83d\udc46\ud83d\udc46\ud83d\udc46\ud83d\udc46<\/p>\n<p>&nbsp;<\/p>\n<p>VENHA FAZER PARTE DO <strong>BENTO QUIRINO.<\/strong><\/p>\n<p> <a class=\"more-link\" href=\"https:\/\/eadbentoquirino.com.br\/ead\/produto\/extensao-modelo\/\">Leia mais<\/a><\/p>","protected":false},"featured_media":12679,"comment_status":"closed","ping_status":"closed","template":"","meta":{"jetpack_publicize_message":"","jetpack_publicize_feature_enabled":true,"jetpack_social_post_already_shared":false,"jetpack_social_options":{"image_generator_settings":{"template":"highway","enabled":false}}},"product_cat":[177],"product_tag":[],"class_list":{"0":"post-12671","1":"product","2":"type-product","3":"status-publish","4":"has-post-thumbnail","6":"product_cat-ead","8":"first","9":"instock","10":"sold-individually","11":"shipping-taxable","12":"product-type-variable"},"jetpack_publicize_connections":[],"jetpack_sharing_enabled":true,"_links":{"self":[{"href":"https:\/\/eadbentoquirino.com.br\/ead\/wp-json\/wp\/v2\/product\/12671","targetHints":{"allow":["GET"]}}],"collection":[{"href":"https:\/\/eadbentoquirino.com.br\/ead\/wp-json\/wp\/v2\/product"}],"about":[{"href":"https:\/\/eadbentoquirino.com.br\/ead\/wp-json\/wp\/v2\/types\/product"}],"replies":[{"embeddable":true,"href":"https:\/\/eadbentoquirino.com.br\/ead\/wp-json\/wp\/v2\/comments?post=12671"}],"wp:featuredmedia":[{"embeddable":true,"href":"https:\/\/eadbentoquirino.com.br\/ead\/wp-json\/wp\/v2\/media\/12679"}],"wp:attachment":[{"href":"https:\/\/eadbentoquirino.com.br\/ead\/wp-json\/wp\/v2\/media?parent=12671"}],"wp:term":[{"taxonomy":"product_cat","embeddable":true,"href":"https:\/\/eadbentoquirino.com.br\/ead\/wp-json\/wp\/v2\/product_cat?post=12671"},{"taxonomy":"product_tag","embeddable":true,"href":"https:\/\/eadbentoquirino.com.br\/ead\/wp-json\/wp\/v2\/product_tag?post=12671"}],"curies":[{"name":"wp","href":"https:\/\/api.w.org\/{rel}","templated":true}]}}