{"id":12020,"date":"2020-07-02T20:42:04","date_gmt":"2020-07-02T20:42:04","guid":{"rendered":"https:\/\/eadbentoquirino.com.br\/ead\/?post_type=product&#038;p=12020"},"modified":"2026-04-09T18:19:09","modified_gmt":"2026-04-09T18:19:09","slug":"seguranca-do-trabalho","status":"publish","type":"product","link":"https:\/\/eadbentoquirino.com.br\/ead\/produto\/seguranca-do-trabalho\/","title":{"rendered":"Seguran\u00e7a do Trabalho"},"content":{"rendered":"<p><strong>\ud83d\udd53 DURA\u00c7\u00c3O DO CURSO: 18 MESES<\/strong><\/p>\n<p><strong>DESCRI\u00c7\u00c3O:<\/strong><\/p>\n<p>O principal objetivo do curso \u00e9 formar profissionais capacitados para realizar servi\u00e7os de preven\u00e7\u00e3o a acidentes de trabalho, o capacitando a sempre pensar em quais estrat\u00e9gias pode-se criar dentro de uma empresa ou \u00f3rg\u00e3o, para minimizar a quantidade de acidentes, incidentes e doen\u00e7as do trabalho. O profissional T\u00e9cnico em Seguran\u00e7a do Trabalho atua como um elo entre os diversos setores de uma empresa realizando avalia\u00e7\u00f5es do ambiente de trabalho e identificando riscos de acidentes e de doen\u00e7as ocupacionais e implementando a\u00e7\u00f5es preventivas e corretivas.<\/p>\n<p><strong>MERCADO DE TRABALHO:<\/strong><\/p>\n<p>O profissional poder\u00e1 atuar em todas as organiza\u00e7\u00f5es empresariais, governamentais e hospitalares, pois a Legisla\u00e7\u00e3o determina a obrigatoriedade da exist\u00eancia de T\u00e9cnicos em Seguran\u00e7a do Trabalho nas empresas. Outro fator \u00e9 a busca de certifica\u00e7\u00e3o de qualidade pelas empresas pois, com a presen\u00e7a do profissional haver\u00e1 atendimento \u00e0s normas de seguran\u00e7a, bem como diminui\u00e7\u00e3o do n\u00famero de acidentes e doen\u00e7as no trabalho.<\/p>\n<p>Um\u00a0<strong>T\u00e9cnico em Seguran\u00e7a no Trabalho<\/strong>\u00a0trabalhando na cidade\u00a0<strong>Campinas<\/strong>\u00a0ganha em m\u00e9dia\u00a0<strong>R$ 4.211,05<\/strong>\u00a0para uma\u00a0jornada de trabalho\u00a0de 43 horas semanais.<\/p>\n<p>A\u00a0<strong>faixa salarial<\/strong>\u00a0do T\u00e9cnico em Seguran\u00e7a no Trabalho na cidade fica entre\u00a0<strong>R$ 4.096,04<\/strong>\u00a0(m\u00e9dia do\u00a0<strong>piso salarial 2024<\/strong>\u00a0de acordos coletivos),\u00a0<strong>R$ 4.294,00<\/strong>\u00a0(sal\u00e1rio mediana da pesquisa) e o teto salarial de\u00a0<strong>R$ 6.463,02<\/strong>, levando em conta o sal\u00e1rio base de profissionais em regime CLT de toda a cidade.<\/p>\n<h6><a href=\"https:\/\/www.salario.com.br\/profissao\/tecnico-de-enfermagem-cbo-322205\/\"><strong>*Fonte: https:www.salario.com.br\/<\/strong><\/a><\/h6>\n<p><strong>DOCUMENTA\u00c7\u00c3O PARA MATR\u00cdCULA<\/strong><\/p>\n<h2><\/h2>\n<p><strong>Envio dos Documentos Escaneado : rcc.documentos@bentoquirino.com.br<\/strong><\/p>\n<p>-Hist\u00f3rico escolar do 2\u00ba Grau<br \/>\n-RG (documento necess\u00e1rio para efetuar a matricula)<br \/>\n-Certid\u00e3o de nascimento ou casamento<br \/>\n-CPF<br \/>\n&#8211; Comprovante de Resid\u00eancia (lado do endere\u00e7o)<\/p>\n<p>SEM A DOCUMENTA\u00c7\u00c3O ACIMA N\u00c3O SER\u00c1 POSS\u00cdVEL EFETUAR A MATR\u00cdCULA.<\/p>\n<p><strong>ATEN\u00c7\u00c3O:<\/strong><\/p>\n<p><strong>PARA MENORES DE IDADE O RESPONS\u00c1VEL DEVER\u00c1 ENVIAR UMA C\u00d3PIA DO RG E CPF PARA EFETUAR A MATR\u00cdCULA<\/strong><\/p>\n<p><strong>*o reajuste da mensalidade \u00e9 anualmente no momento da rematr\u00edcula do ALUNO <\/strong><strong>.<\/strong><\/p>\n<p><strong>N\u00c3O ACUMULATIVO COM OUTROS DESCONTOS. VALOR BRUTO DA MENSALIDADE\u00a0 R$1.721,84.<\/strong><\/p>\n","protected":false},"excerpt":{"rendered":"<h1>PROMO\u00c7\u00c3O MATR\u00cdCULA\u00a0 R$159,99<\/h1>\n<p>\ud83d\udc46\ud83d\udc46<span class=\"x19la9d6 x1fc57z9 x6ikm8r x10wlt62 x19co3pv x1g5zs5t xfibh0p xiy17q3 x1xsqp64 x1lkfr7t xexx8yu x4uap5 x18d9i69 xkhd6sd\"><span class=\"xrtxmta x1bhl96m\">\ud83e\udd13<\/span><\/span><span class=\"selectable-text copyable-text\">\u00a0 VALOR PROMOCIONAL POR <\/span><b><strong class=\"selectable-text copyable-text x117nqv4\">TEMPO LIMITADO!<\/strong><\/b>\u00a0<span class=\"x19la9d6 x1fc57z9 x6ikm8r x10wlt62 x19co3pv x1g5zs5t xfibh0p xiy17q3 x1xsqp64 x1lkfr7t xexx8yu x4uap5 x18d9i69 xkhd6sd\"><span class=\"xrtxmta x1bhl96m\">\ud83e\udd11<\/span><\/span><span class=\"x19la9d6 x1fc57z9 x6ikm8r x10wlt62 x19co3pv x1g5zs5t xfibh0p xiy17q3 x1xsqp64 x1lkfr7t xexx8yu x4uap5 x18d9i69 xkhd6sd\"><span class=\"xrtxmta x1bhl96m\">\u23f3<\/span><\/span> \ud83d\udc46\ud83d\udc46<\/p>\n<h2><strong>TURMAS COM IN\u00cdCIO EM A<\/strong><strong>GOSTO DE 2026\u00a0<\/strong><\/h2>\n<h3><strong>M\u00e9dia salarial:<\/strong>\u00a0<strong> entre R$ 4.000 a R$ 6.400 por m\u00eas*<\/strong><\/h3>\n<p>Uma forma\u00e7\u00e3o que prepara os alunos para atuar na preven\u00e7\u00e3o de acidentes e doen\u00e7as ocupacionais, promovendo a sa\u00fade e a seguran\u00e7a dos trabalhadores em diversos ambientes, como ind\u00fastrias, constru\u00e7\u00f5es, empresas e institui\u00e7\u00f5es p\u00fablicas.<\/p>\n<h4>VENHA FAZER PARTE DO <strong>BENTO QUIRINO.<\/strong><\/h4>\n<p> <a class=\"more-link\" href=\"https:\/\/eadbentoquirino.com.br\/ead\/produto\/seguranca-do-trabalho\/\">Leia mais<\/a><\/p>","protected":false},"featured_media":33063,"comment_status":"closed","ping_status":"closed","template":"","meta":{"jetpack_publicize_message":"","jetpack_publicize_feature_enabled":true,"jetpack_social_post_already_shared":false,"jetpack_social_options":{"image_generator_settings":{"template":"highway","enabled":false}}},"product_cat":[66],"product_tag":[],"class_list":{"0":"post-12020","1":"product","2":"type-product","3":"status-publish","4":"has-post-thumbnail","6":"product_cat-presencial","8":"first","9":"instock","10":"sale","11":"sold-individually","12":"shipping-taxable","13":"purchasable","14":"product-type-variable","15":"has-default-attributes"},"jetpack_publicize_connections":[],"jetpack_sharing_enabled":true,"_links":{"self":[{"href":"https:\/\/eadbentoquirino.com.br\/ead\/wp-json\/wp\/v2\/product\/12020","targetHints":{"allow":["GET"]}}],"collection":[{"href":"https:\/\/eadbentoquirino.com.br\/ead\/wp-json\/wp\/v2\/product"}],"about":[{"href":"https:\/\/eadbentoquirino.com.br\/ead\/wp-json\/wp\/v2\/types\/product"}],"replies":[{"embeddable":true,"href":"https:\/\/eadbentoquirino.com.br\/ead\/wp-json\/wp\/v2\/comments?post=12020"}],"wp:featuredmedia":[{"embeddable":true,"href":"https:\/\/eadbentoquirino.com.br\/ead\/wp-json\/wp\/v2\/media\/33063"}],"wp:attachment":[{"href":"https:\/\/eadbentoquirino.com.br\/ead\/wp-json\/wp\/v2\/media?parent=12020"}],"wp:term":[{"taxonomy":"product_cat","embeddable":true,"href":"https:\/\/eadbentoquirino.com.br\/ead\/wp-json\/wp\/v2\/product_cat?post=12020"},{"taxonomy":"product_tag","embeddable":true,"href":"https:\/\/eadbentoquirino.com.br\/ead\/wp-json\/wp\/v2\/product_tag?post=12020"}],"curies":[{"name":"wp","href":"https:\/\/api.w.org\/{rel}","templated":true}]}}