{"id":12017,"date":"2020-07-02T20:39:29","date_gmt":"2020-07-02T20:39:29","guid":{"rendered":"https:\/\/eadbentoquirino.com.br\/ead\/?post_type=product&#038;p=12017"},"modified":"2026-04-09T18:18:59","modified_gmt":"2026-04-09T18:18:59","slug":"mecatronica","status":"publish","type":"product","link":"https:\/\/eadbentoquirino.com.br\/ead\/produto\/mecatronica\/","title":{"rendered":"Mecatr\u00f4nica"},"content":{"rendered":"<p><strong>\ud83d\udd53 DURA\u00c7\u00c3O DO CURSO: 18 MESES<\/strong><\/p>\n<p><strong>DESCRI\u00c7\u00c3O:<\/strong><\/p>\n<p>Realiza manuten\u00e7\u00e3o, medi\u00e7\u00f5es e testes de m\u00e1quinas, equipamentos e sistemas, conforme especifica\u00e7\u00f5es t\u00e9cnicas. Opera equipamentos, utiliza softwares espec\u00edficos e linguagens de programa\u00e7\u00e3o adequadas. Organiza local de trabalho. Coordena equipes e oferece treinamento operacional. Realiza manuten\u00e7\u00e3o preventiva e corretiva, em conformidade com as normas t\u00e9cnicas de higiene, seguran\u00e7a, qualidade e prote\u00e7\u00e3o ao meio ambiente. Programa e opera de m\u00e1quinas observando as normas de seguran\u00e7a.<\/p>\n<p><strong>MERCADO DE TRABALHO:<\/strong><\/p>\n<p>Industrial, Automotivo, Metal\u00fargico, Eletro-eletr\u00f4nico, Farmac\u00eautico\/Hospitalar, Auto Pe\u00e7as, Montadoras, Aliment\u00edcio, Agro Neg\u00f3cio, Pl\u00e1sticos. \u00c1rea de atua\u00e7\u00e3o: Manuten\u00e7\u00e3o (El\u00e9trica, Mec\u00e2nica, Eletr\u00f4nica), Projetos, Gest\u00e3o de Manufatura, Pesquisa e Comercial.<\/p>\n<p>Um\u00a0<strong>T\u00e9cnico em Mecatr\u00f4nica<\/strong>\u00a0trabalhando no estado de\u00a0\u00a0<span class=\"google-anno-t\">S\u00e3o Paulo<\/span>\u00a0ganha em m\u00e9dia\u00a0<strong>R$ 3.762,07<\/strong>\u00a0para uma\u00a0jornada de trabalho\u00a0de 43 horas semanais.<\/p>\n<p>A\u00a0<strong>faixa salarial<\/strong>\u00a0do T\u00e9cnico em Manuten\u00e7\u00e3o Mecatr\u00f4nica fica entre\u00a0<strong>R$ 3.249,00<\/strong>\u00a0sal\u00e1rio mediana da pesquisa e o teto salarial de\u00a0<strong>R$ 7.201,45<\/strong>, sendo que\u00a0<strong>R$ 3.659,32<\/strong>\u00a0\u00e9 a m\u00e9dia do piso salarial 2024 de acordos coletivos levando em conta profissionais em regime CLT de todo o estado de\u00a0\u00a0<span class=\"google-anno-t\">SP<\/span>.<\/p>\n<h6><a href=\"https:\/\/www.salario.com.br\/profissao\/tecnico-em-manutencao-mecatronica-cbo-300105\/\"><strong>*Fonte: https:www.salario.com.br\/<\/strong><\/a><\/h6>\n<p><strong>DOCUMENTA\u00c7\u00c3O PARA MATR\u00cdCULA<\/strong><\/p>\n<h2><\/h2>\n<p><strong>Envio dos Documentos Escaneado : rcc.documentos@bentoquirino.com.br<\/strong><\/p>\n<p>-Hist\u00f3rico escolar do 2\u00ba Grau<br \/>\n-RG (documento necess\u00e1rio para efetuar a matricula)<br \/>\n-Certid\u00e3o de nascimento ou casamento<br \/>\n-CPF<br \/>\n&#8211; Comprovante de Resid\u00eancia (lado do endere\u00e7o)<\/p>\n<p>SEM A DOCUMENTA\u00c7\u00c3O ACIMA N\u00c3O SER\u00c1 POSS\u00cdVEL EFETUAR A MATR\u00cdCULA.<\/p>\n<p><strong>ATEN\u00c7\u00c3O:<\/strong><\/p>\n<p><strong>PARA MENORES DE IDADE O RESPONS\u00c1VEL DEVER\u00c1 ENVIAR UMA C\u00d3PIA DO RG E CPF PARA EFETUAR A MATR\u00cdCULA<\/strong><\/p>\n<p><strong>*o reajuste da mensalidade \u00e9 anualmente no momento da rematr\u00edcula do ALUNO <\/strong><strong>.<\/strong><\/p>\n<p><strong>N\u00c3O ACUMULATIVO COM OUTROS DESCONTOS. VALOR BRUTO DA MENSALIDADE\u00a0 R$1.721,84.<\/strong><\/p>\n","protected":false},"excerpt":{"rendered":"<h1>PROMO\u00c7\u00c3O MATR\u00cdCULA\u00a0 R$159,99<\/h1>\n<p>\ud83d\udc46\ud83d\udc46<span class=\"x19la9d6 x1fc57z9 x6ikm8r x10wlt62 x19co3pv x1g5zs5t xfibh0p xiy17q3 x1xsqp64 x1lkfr7t xexx8yu x4uap5 x18d9i69 xkhd6sd\"><span class=\"xrtxmta x1bhl96m\">\ud83e\udd13<\/span><\/span><span class=\"selectable-text copyable-text\">\u00a0 VALOR PROMOCIONAL POR <\/span><b><strong class=\"selectable-text copyable-text x117nqv4\">TEMPO LIMITADO!<\/strong><\/b>\u00a0<span class=\"x19la9d6 x1fc57z9 x6ikm8r x10wlt62 x19co3pv x1g5zs5t xfibh0p xiy17q3 x1xsqp64 x1lkfr7t xexx8yu x4uap5 x18d9i69 xkhd6sd\"><span class=\"xrtxmta x1bhl96m\">\ud83e\udd11<\/span><\/span><span class=\"x19la9d6 x1fc57z9 x6ikm8r x10wlt62 x19co3pv x1g5zs5t xfibh0p xiy17q3 x1xsqp64 x1lkfr7t xexx8yu x4uap5 x18d9i69 xkhd6sd\"><span class=\"xrtxmta x1bhl96m\">\u23f3<\/span><\/span> \ud83d\udc46\ud83d\udc46<\/p>\n<h2><strong>TURMAS COM IN\u00cdCIO EM A<\/strong><strong>GOSTO DE 2026\u00a0<\/strong><\/h2>\n<h3><strong>M\u00e9dia salarial:<\/strong>\u00a0<strong> entre R$ 3.200 a R$ 7.000 por m\u00eas*<\/strong><\/h3>\n<p>Uma forma\u00e7\u00e3o que prepara os alunos para atuar na integra\u00e7\u00e3o de sistemas mec\u00e2nicos, eletr\u00f4nicos e de computa\u00e7\u00e3o, desenvolvendo solu\u00e7\u00f5es automatizadas e inovadoras em ind\u00fastrias, laborat\u00f3rios, empresas de tecnologia e outras institui\u00e7\u00f5es.<\/p>\n<p>VENHA FAZER PARTE DO <strong>BENTO QUIRINO.<\/strong><\/p>\n<p>&nbsp;<\/p>\n<p> <a class=\"more-link\" href=\"https:\/\/eadbentoquirino.com.br\/ead\/produto\/mecatronica\/\">Leia mais<\/a><\/p>","protected":false},"featured_media":33066,"comment_status":"closed","ping_status":"closed","template":"","meta":{"jetpack_publicize_message":"","jetpack_publicize_feature_enabled":true,"jetpack_social_post_already_shared":false,"jetpack_social_options":{"image_generator_settings":{"template":"highway","enabled":false}}},"product_cat":[66],"product_tag":[],"class_list":{"0":"post-12017","1":"product","2":"type-product","3":"status-publish","4":"has-post-thumbnail","6":"product_cat-presencial","8":"first","9":"instock","10":"sale","11":"sold-individually","12":"shipping-taxable","13":"purchasable","14":"product-type-variable","15":"has-default-attributes"},"jetpack_publicize_connections":[],"jetpack_sharing_enabled":true,"_links":{"self":[{"href":"https:\/\/eadbentoquirino.com.br\/ead\/wp-json\/wp\/v2\/product\/12017","targetHints":{"allow":["GET"]}}],"collection":[{"href":"https:\/\/eadbentoquirino.com.br\/ead\/wp-json\/wp\/v2\/product"}],"about":[{"href":"https:\/\/eadbentoquirino.com.br\/ead\/wp-json\/wp\/v2\/types\/product"}],"replies":[{"embeddable":true,"href":"https:\/\/eadbentoquirino.com.br\/ead\/wp-json\/wp\/v2\/comments?post=12017"}],"wp:featuredmedia":[{"embeddable":true,"href":"https:\/\/eadbentoquirino.com.br\/ead\/wp-json\/wp\/v2\/media\/33066"}],"wp:attachment":[{"href":"https:\/\/eadbentoquirino.com.br\/ead\/wp-json\/wp\/v2\/media?parent=12017"}],"wp:term":[{"taxonomy":"product_cat","embeddable":true,"href":"https:\/\/eadbentoquirino.com.br\/ead\/wp-json\/wp\/v2\/product_cat?post=12017"},{"taxonomy":"product_tag","embeddable":true,"href":"https:\/\/eadbentoquirino.com.br\/ead\/wp-json\/wp\/v2\/product_tag?post=12017"}],"curies":[{"name":"wp","href":"https:\/\/api.w.org\/{rel}","templated":true}]}}