{"id":12010,"date":"2020-07-02T20:16:48","date_gmt":"2020-07-02T20:16:48","guid":{"rendered":"https:\/\/eadbentoquirino.com.br\/ead\/?post_type=product&#038;p=12010"},"modified":"2026-04-09T18:18:49","modified_gmt":"2026-04-09T18:18:49","slug":"nutricao-e-dietetica","status":"publish","type":"product","link":"https:\/\/eadbentoquirino.com.br\/ead\/produto\/nutricao-e-dietetica\/","title":{"rendered":"Nutri\u00e7\u00e3o e Diet\u00e9tica"},"content":{"rendered":"<p><strong>\ud83d\udd53 DURA\u00c7\u00c3O DO CURSO: 18 MESES<\/strong><\/p>\n<p><strong>DESCRI\u00c7\u00c3O:<\/strong><\/p>\n<p>S\u00e3o profissionais voltados ao controle t\u00e9cnico do servi\u00e7o de alimenta\u00e7\u00e3o (compras, armazenamento, custos, quantidade, qualidade, aceitabilidade, coordena\u00e7\u00e3o e supervis\u00e3o do trabalho nos processos de coc\u00e7\u00e3o dos alimentos); supervis\u00e3o da manuten\u00e7\u00e3o dos equipamentos e do ambiente; estudos do arranjo f\u00edsico do setor; treinamento do pessoal do servi\u00e7o de alimenta\u00e7\u00e3o; divulga\u00e7\u00e3o de conhecimentos sobre alimenta\u00e7\u00e3o correta e da utiliza\u00e7\u00e3o de produtos alimentares (educa\u00e7\u00e3o alimentar); pesquisas em cozinha experimental.<br \/>\nAtuando na elabora\u00e7\u00e3o de card\u00e1pios, aliando a sa\u00fade ao prazer de comer e sua qualidade sempre executando o planejamento de servi\u00e7os alimentares com a supervis\u00e3o de um Nutricionista.<\/p>\n<p><strong>MERCADO DE TRABALHO:<\/strong><\/p>\n<p>Pode exercer suas atividades aonde houver produ\u00e7\u00e3o de alimentos como: cozinhas industriais, escolas, creches, hospitais, casa de repouso, hot\u00e9is, restaurantes comerciais, escolas \u2013 na prepara\u00e7\u00e3o da merenda escolar, restaurantes, redes de fastfood. Em pesquisa como: laborat\u00f3rios bromatol\u00f3gicos e de tecnologia alimentar e cozinha experimental. Atua, ainda, na divulga\u00e7\u00e3o de produtos alimentares e no treinamento de pessoal em servi\u00e7os de alimenta\u00e7\u00e3o.<\/p>\n<p>Um\u00a0<strong>T\u00e9cnico em Nutri\u00e7\u00e3o e Diet\u00e9tica<\/strong>\u00a0trabalhando na cidade\u00a0<strong>Campinas<\/strong>\u00a0ganha em m\u00e9dia\u00a0<strong>R$ 2.461,27<\/strong>\u00a0para uma\u00a0jornada de trabalho\u00a0de 43 horas semanais.<\/p>\n<p>A\u00a0<strong>faixa salarial<\/strong>\u00a0do T\u00e9cnico em Nutri\u00e7\u00e3o e Diet\u00e9tica na cidade fica entre\u00a0<strong>R$ 2.394,05<\/strong>\u00a0(m\u00e9dia do\u00a0<strong>piso salarial 2024<\/strong>\u00a0de acordos coletivos),\u00a0<strong>R$ 2.486,00<\/strong>\u00a0(sal\u00e1rio mediana da pesquisa) e o teto salarial de\u00a0<strong>R$ 3.306,26<\/strong>, levando em conta o sal\u00e1rio base de profissionais em regime CLT de toda a cidade.<\/p>\n<h6><a href=\"https:\/\/www.salario.com.br\/profissao\/tecnico-em-nutricao-e-dietetica-cbo-325210\/\"><strong>*Fonte: https:www.salario.com.br\/<\/strong><\/a><\/h6>\n<p><strong>DOCUMENTA\u00c7\u00c3O PARA MATR\u00cdCULA<\/strong><\/p>\n<h2><\/h2>\n<p><strong>Envio dos Documentos Escaneado : rcc.documentos@bentoquirino.com.br<\/strong><\/p>\n<p>-Hist\u00f3rico escolar do 2\u00ba Grau<br \/>\n-RG (documento necess\u00e1rio para efetuar a matricula)<br \/>\n-Certid\u00e3o de nascimento ou casamento<br \/>\n-CPF<br \/>\n&#8211; Comprovante de Resid\u00eancia (lado do endere\u00e7o)<\/p>\n<p>SEM A DOCUMENTA\u00c7\u00c3O ACIMA N\u00c3O SER\u00c1 POSS\u00cdVEL EFETUAR A MATR\u00cdCULA.<\/p>\n<p><strong>ATEN\u00c7\u00c3O:<\/strong><\/p>\n<p><strong>PARA MENORES DE IDADE O RESPONS\u00c1VEL DEVER\u00c1 ENVIAR UMA C\u00d3PIA DO RG E CPF PARA EFETUAR A MATR\u00cdCULA<\/strong><\/p>\n<p><strong>*o reajuste da mensalidade \u00e9 anualmente no momento da rematr\u00edcula do ALUNO <\/strong><strong>.<\/strong><\/p>\n<p><strong>N\u00c3O ACUMULATIVO COM OUTROS DESCONTOS. VALOR BRUTO DA MENSALIDADE\u00a0 R$1.721,84.<\/strong><\/p>\n","protected":false},"excerpt":{"rendered":"<h1>PROMO\u00c7\u00c3O MATR\u00cdCULA\u00a0 R$159,99<\/h1>\n<p>\ud83d\udc46\ud83d\udc46<span class=\"x19la9d6 x1fc57z9 x6ikm8r x10wlt62 x19co3pv x1g5zs5t xfibh0p xiy17q3 x1xsqp64 x1lkfr7t xexx8yu x4uap5 x18d9i69 xkhd6sd\"><span class=\"xrtxmta x1bhl96m\">\ud83e\udd13<\/span><\/span><span class=\"selectable-text copyable-text\">\u00a0 VALOR PROMOCIONAL POR <\/span><b><strong class=\"selectable-text copyable-text x117nqv4\">TEMPO LIMITADO!<\/strong><\/b>\u00a0<span class=\"x19la9d6 x1fc57z9 x6ikm8r x10wlt62 x19co3pv x1g5zs5t xfibh0p xiy17q3 x1xsqp64 x1lkfr7t xexx8yu x4uap5 x18d9i69 xkhd6sd\"><span class=\"xrtxmta x1bhl96m\">\ud83e\udd11<\/span><\/span><span class=\"x19la9d6 x1fc57z9 x6ikm8r x10wlt62 x19co3pv x1g5zs5t xfibh0p xiy17q3 x1xsqp64 x1lkfr7t xexx8yu x4uap5 x18d9i69 xkhd6sd\"><span class=\"xrtxmta x1bhl96m\">\u23f3<\/span><\/span> \ud83d\udc46\ud83d\udc46<\/p>\n<h2><strong>TURMAS COM IN\u00cdCIO EM A<\/strong><strong>GOSTO DE 2026\u00a0<\/strong><\/h2>\n<h3><strong>M\u00e9dia salarial:<\/strong>\u00a0<strong> entre R$ 2.300 a R$ 3.300 por m\u00eas*<\/strong><\/h3>\n<div class=\"flex-shrink-0 flex flex-col relative items-end\">\n<div>\n<div class=\"pt-0.5 juice:pt-0\">\n<div class=\"gizmo-bot-avatar flex h-6 w-6 items-center justify-center overflow-hidden rounded-full juice:h-8 juice:w-8\">\n<div class=\"relative p-1 rounded-sm flex items-center justify-center bg-token-main-surface-primary text-token-text-primary h-8 w-8\">Uma forma\u00e7\u00e3o que prepara os alunos para atuar na promo\u00e7\u00e3o da sa\u00fade e do bem-estar nutricional, desenvolvendo planos alimentares personalizados e colaborando em hospitais, cl\u00ednicas, escolas, unidades b\u00e1sicas de sa\u00fade, entre outras institui\u00e7\u00f5es.<\/div>\n<\/div>\n<\/div>\n<\/div>\n<\/div>\n<p>VENHA FAZER PARTE DO <strong>BENTO QUIRINO.<\/strong><\/p>\n<p>&nbsp;<\/p>\n<p> <a class=\"more-link\" href=\"https:\/\/eadbentoquirino.com.br\/ead\/produto\/nutricao-e-dietetica\/\">Leia mais<\/a><\/p>","protected":false},"featured_media":33094,"comment_status":"closed","ping_status":"closed","template":"","meta":{"jetpack_publicize_message":"","jetpack_publicize_feature_enabled":true,"jetpack_social_post_already_shared":false,"jetpack_social_options":{"image_generator_settings":{"template":"highway","enabled":false}}},"product_cat":[66],"product_tag":[],"class_list":{"0":"post-12010","1":"product","2":"type-product","3":"status-publish","4":"has-post-thumbnail","6":"product_cat-presencial","8":"first","9":"instock","10":"sale","11":"sold-individually","12":"shipping-taxable","13":"purchasable","14":"product-type-variable","15":"has-default-attributes"},"jetpack_publicize_connections":[],"jetpack_sharing_enabled":true,"_links":{"self":[{"href":"https:\/\/eadbentoquirino.com.br\/ead\/wp-json\/wp\/v2\/product\/12010","targetHints":{"allow":["GET"]}}],"collection":[{"href":"https:\/\/eadbentoquirino.com.br\/ead\/wp-json\/wp\/v2\/product"}],"about":[{"href":"https:\/\/eadbentoquirino.com.br\/ead\/wp-json\/wp\/v2\/types\/product"}],"replies":[{"embeddable":true,"href":"https:\/\/eadbentoquirino.com.br\/ead\/wp-json\/wp\/v2\/comments?post=12010"}],"wp:featuredmedia":[{"embeddable":true,"href":"https:\/\/eadbentoquirino.com.br\/ead\/wp-json\/wp\/v2\/media\/33094"}],"wp:attachment":[{"href":"https:\/\/eadbentoquirino.com.br\/ead\/wp-json\/wp\/v2\/media?parent=12010"}],"wp:term":[{"taxonomy":"product_cat","embeddable":true,"href":"https:\/\/eadbentoquirino.com.br\/ead\/wp-json\/wp\/v2\/product_cat?post=12010"},{"taxonomy":"product_tag","embeddable":true,"href":"https:\/\/eadbentoquirino.com.br\/ead\/wp-json\/wp\/v2\/product_tag?post=12010"}],"curies":[{"name":"wp","href":"https:\/\/api.w.org\/{rel}","templated":true}]}}