{"id":11994,"date":"2020-07-02T16:33:27","date_gmt":"2020-07-02T16:33:27","guid":{"rendered":"https:\/\/eadbentoquirino.com.br\/ead\/?post_type=product&#038;p=11994"},"modified":"2026-04-09T18:18:38","modified_gmt":"2026-04-09T18:18:38","slug":"enfermagem","status":"publish","type":"product","link":"https:\/\/eadbentoquirino.com.br\/ead\/produto\/enfermagem\/","title":{"rendered":"Enfermagem"},"content":{"rendered":"<p><strong>\ud83d\udd53 DURA\u00c7\u00c3O DO CURSO: 18 MESES<\/strong><\/p>\n<p><strong>+\u00a0 EST\u00c1GIO OBRIGAT\u00d3RIO DE\u00a0 600 HORAS\u00a0<\/strong><\/p>\n<p><strong>DESCRI\u00c7\u00c3O:<\/strong><\/p>\n<p>O T\u00e9cnico em Enfermagem ser\u00e1 um profissional apto a aplicar seus conhecimentos te\u00f3ricos e pr\u00e1ticos no atendimento \u00e0s demandas dos cidad\u00e3os, da sociedade e do mundo do trabalho, em sintonia com as exig\u00eancias do desenvolvimento s\u00f3cio-econ\u00f4mico local, regional e nacional.<br \/>\nO profissional formado atuar\u00e1 sob a supervis\u00e3o do Enfermeiro, em a\u00e7\u00f5es de promo\u00e7\u00e3o, preven\u00e7\u00e3o, recupera\u00e7\u00e3o e reabilita\u00e7\u00e3o de indiv\u00edduos e grupos, intervindo diretamente no processo sa\u00fade\/doen\u00e7a. Para tanto, requer do profissional, n\u00e3o s\u00f3 compet\u00eancias t\u00e9cnicas isoladas; na articula\u00e7\u00e3o com a compet\u00eancia \u00e9tica e pol\u00edtica de modo a contribuir com um sistema de sa\u00fade que est\u00e1 em cont\u00ednua implementa\u00e7\u00e3o. Busca-se ent\u00e3o a forma\u00e7\u00e3o de um sujeito que seja um agente de mudan\u00e7a<br \/>\n.O curso trabalhar\u00e1 habilidades importantes para o exerc\u00edcio da profiss\u00e3o de T\u00e9cnico em Enfermagem: Orientar e preparar pacientes para exames; Realizar curativos; Administrar medicamentos e vacinas; Fazer nebuliza\u00e7\u00f5es; Dar banho de leito; Manusear os instrumentos de trabalho com precis\u00e3o; Cuidar dos instrumentos de trabalho (higiene e guarda); Utilizar os recursos e as ferramentas de inform\u00e1tica espec\u00edficos da \u00e1rea; Auxiliar o enfermeiro no planejamento e organiza\u00e7\u00e3o do trabalho, na perspectiva de um atendimento integral e de qualidade; Conhecer, executar e analisar as rotinas e os protocolos de trabalho;<\/p>\n<p><strong>MERCADO DE TRABALHO:<\/strong><\/p>\n<p>Institui\u00e7\u00f5es hospitalares, ambulatoriais, cl\u00ednicas, empresas, servi\u00e7os sociais, servi\u00e7os de urg\u00eancia, unidades b\u00e1sicas de sa\u00fade, Programa Sa\u00fade da Fam\u00edlia, home care (domic\u00edlio) e institui\u00e7\u00f5es de longa perman\u00eancia para idosos.<\/p>\n<p>Um\u00a0<strong>T\u00e9cnico em Enfermagem<\/strong>\u00a0trabalhando na cidade\u00a0<strong>Campinas<\/strong>\u00a0ganha em m\u00e9dia\u00a0<strong>R$ 2.894,61<\/strong>\u00a0para uma\u00a0jornada de trabalho\u00a0de 36 horas semanais.<\/p>\n<p>A\u00a0<strong>faixa salarial<\/strong>\u00a0do T\u00e9cnico de Enfermagem na cidade fica entre\u00a0<strong>R$ 2.815,56<\/strong>\u00a0(m\u00e9dia do\u00a0<strong>piso salarial 2024<\/strong>\u00a0de acordos coletivos),\u00a0<strong>R$ 2.909,00<\/strong>\u00a0(sal\u00e1rio mediana da pesquisa) e o teto salarial de\u00a0<strong>R$ 4.057,33<\/strong>, levando em conta o sal\u00e1rio base de profissionais em regime CLT de toda a cidade de Campinas.<\/p>\n<h6><a href=\"https:\/\/www.salario.com.br\/profissao\/tecnico-de-enfermagem-cbo-322205\/\"><strong>*Fonte: https:www.salario.com.br\/<\/strong><\/a><\/h6>\n<p><strong>DOCUMENTA\u00c7\u00c3O PARA MATR\u00cdCULA<\/strong><\/p>\n<h2><\/h2>\n<p><strong>Envio dos Documentos Escaneado : rcc.documentos@bentoquirino.com.br<\/strong><\/p>\n<p>-Hist\u00f3rico escolar do 2\u00ba Grau<br \/>\n-RG (documento necess\u00e1rio para efetuar a matricula)<br \/>\n-Certid\u00e3o de nascimento ou casamento<br \/>\n-CPF<br \/>\n&#8211; Comprovante de Resid\u00eancia (lado do endere\u00e7o)<\/p>\n<p>SEM A DOCUMENTA\u00c7\u00c3O ACIMA N\u00c3O SER\u00c1 POSS\u00cdVEL EFETUAR A MATR\u00cdCULA.<\/p>\n<p><strong>ATEN\u00c7\u00c3O:<\/strong><\/p>\n<p><strong>PARA MENORES DE IDADE O RESPONS\u00c1VEL DEVER\u00c1 ENVIAR UMA C\u00d3PIA DO RG E CPF PARA EFETUAR A MATR\u00cdCULA<\/strong><\/p>\n<p><strong>*o reajuste da mensalidade \u00e9 anualmente no momento da rematr\u00edcula do ALUNO <\/strong><strong>.<\/strong><\/p>\n<p><strong>N\u00c3O ACUMULATIVO COM OUTROS DESCONTOS. VALOR BRUTO DA MENSALIDADE\u00a0 R$1.721,84.<\/strong><\/p>\n","protected":false},"excerpt":{"rendered":"<h1>PROMO\u00c7\u00c3O MATR\u00cdCULA\u00a0 R$159,99<\/h1>\n<p>\ud83d\udc46\ud83d\udc46<span class=\"x19la9d6 x1fc57z9 x6ikm8r x10wlt62 x19co3pv x1g5zs5t xfibh0p xiy17q3 x1xsqp64 x1lkfr7t xexx8yu x4uap5 x18d9i69 xkhd6sd\"><span class=\"xrtxmta x1bhl96m\">\ud83e\udd13<\/span><\/span><span class=\"selectable-text copyable-text\">\u00a0 VALOR PROMOCIONAL POR <\/span><b><strong class=\"selectable-text copyable-text x117nqv4\">TEMPO LIMITADO!<\/strong><\/b>\u00a0<span class=\"x19la9d6 x1fc57z9 x6ikm8r x10wlt62 x19co3pv x1g5zs5t xfibh0p xiy17q3 x1xsqp64 x1lkfr7t xexx8yu x4uap5 x18d9i69 xkhd6sd\"><span class=\"xrtxmta x1bhl96m\">\ud83e\udd11<\/span><\/span><span class=\"x19la9d6 x1fc57z9 x6ikm8r x10wlt62 x19co3pv x1g5zs5t xfibh0p xiy17q3 x1xsqp64 x1lkfr7t xexx8yu x4uap5 x18d9i69 xkhd6sd\"><span class=\"xrtxmta x1bhl96m\">\u23f3<\/span><\/span> \ud83d\udc46\ud83d\udc46<\/p>\n<h2><strong>TURMAS COM IN\u00cdCIO EM A<\/strong><strong>GOSTO DE 2026\u00a0<\/strong><\/h2>\n<h3><strong>M\u00e9dia salarial:<\/strong>\u00a0<strong> entre R$ 2.800 a R$ 4.000 por m\u00eas*<\/strong><\/h3>\n<p>Uma forma\u00e7\u00e3o que prepara os alunos para atuar na assist\u00eancia<br \/>\ndireta ao paciente, em hospitais, cl\u00ednicas, unidades b\u00e1sicas de sa\u00fade, entre outras institui\u00e7\u00f5es de sa\u00fade.<\/p>\n<h4>VENHA FAZER PARTE DO <strong>BENTO QUIRINO.<\/strong><\/h4>\n<p> <a class=\"more-link\" href=\"https:\/\/eadbentoquirino.com.br\/ead\/produto\/enfermagem\/\">Leia mais<\/a><\/p>","protected":false},"featured_media":33070,"comment_status":"closed","ping_status":"closed","template":"","meta":{"jetpack_publicize_message":"","jetpack_publicize_feature_enabled":true,"jetpack_social_post_already_shared":false,"jetpack_social_options":{"image_generator_settings":{"template":"highway","enabled":false}}},"product_cat":[66],"product_tag":[],"class_list":{"0":"post-11994","1":"product","2":"type-product","3":"status-publish","4":"has-post-thumbnail","6":"product_cat-presencial","8":"first","9":"instock","10":"sale","11":"sold-individually","12":"shipping-taxable","13":"purchasable","14":"product-type-variable","15":"has-default-attributes"},"jetpack_publicize_connections":[],"jetpack_sharing_enabled":true,"_links":{"self":[{"href":"https:\/\/eadbentoquirino.com.br\/ead\/wp-json\/wp\/v2\/product\/11994","targetHints":{"allow":["GET"]}}],"collection":[{"href":"https:\/\/eadbentoquirino.com.br\/ead\/wp-json\/wp\/v2\/product"}],"about":[{"href":"https:\/\/eadbentoquirino.com.br\/ead\/wp-json\/wp\/v2\/types\/product"}],"replies":[{"embeddable":true,"href":"https:\/\/eadbentoquirino.com.br\/ead\/wp-json\/wp\/v2\/comments?post=11994"}],"wp:featuredmedia":[{"embeddable":true,"href":"https:\/\/eadbentoquirino.com.br\/ead\/wp-json\/wp\/v2\/media\/33070"}],"wp:attachment":[{"href":"https:\/\/eadbentoquirino.com.br\/ead\/wp-json\/wp\/v2\/media?parent=11994"}],"wp:term":[{"taxonomy":"product_cat","embeddable":true,"href":"https:\/\/eadbentoquirino.com.br\/ead\/wp-json\/wp\/v2\/product_cat?post=11994"},{"taxonomy":"product_tag","embeddable":true,"href":"https:\/\/eadbentoquirino.com.br\/ead\/wp-json\/wp\/v2\/product_tag?post=11994"}],"curies":[{"name":"wp","href":"https:\/\/api.w.org\/{rel}","templated":true}]}}