{"id":14430,"date":"2020-10-15T01:18:13","date_gmt":"2020-10-15T01:18:13","guid":{"rendered":"https:\/\/eadbentoquirino.com.br\/ead\/?page_id=14430"},"modified":"2025-10-03T18:51:33","modified_gmt":"2025-10-03T18:51:33","slug":"rematricula-2026","status":"publish","type":"page","link":"https:\/\/eadbentoquirino.com.br\/ead\/rematricula-2026\/","title":{"rendered":"Rematr\u00edcula 2026"},"content":{"rendered":"\t\t<div data-elementor-type=\"wp-page\" data-elementor-id=\"14430\" class=\"elementor elementor-14430\" data-elementor-post-type=\"page\">\n\t\t\t\t\t\t<section class=\"elementor-section elementor-top-section elementor-element elementor-element-45a29dff elementor-section-stretched elementor-section-full_width elementor-section-height-default elementor-section-height-default\" data-id=\"45a29dff\" data-element_type=\"section\" data-settings=\"{&quot;stretch_section&quot;:&quot;section-stretched&quot;,&quot;background_background&quot;:&quot;classic&quot;}\">\n\t\t\t\t\t\t<div class=\"elementor-container elementor-column-gap-default\">\n\t\t\t\t\t<div class=\"elementor-column elementor-col-33 elementor-top-column elementor-element elementor-element-6ec9d4ae\" data-id=\"6ec9d4ae\" data-element_type=\"column\">\n\t\t\t<div class=\"elementor-widget-wrap elementor-element-populated\">\n\t\t\t\t\t\t<div class=\"elementor-element elementor-element-7693a9db elementor-widget elementor-widget-spacer\" data-id=\"7693a9db\" data-element_type=\"widget\" data-widget_type=\"spacer.default\">\n\t\t\t\t<div class=\"elementor-widget-container\">\n\t\t\t\t\t\t\t<div class=\"elementor-spacer\">\n\t\t\t<div class=\"elementor-spacer-inner\"><\/div>\n\t\t<\/div>\n\t\t\t\t\t\t<\/div>\n\t\t\t\t<\/div>\n\t\t\t\t<div class=\"elementor-element elementor-element-482eb8bf elementor-widget elementor-widget-html\" data-id=\"482eb8bf\" data-element_type=\"widget\" data-widget_type=\"html.default\">\n\t\t\t\t<div class=\"elementor-widget-container\">\n\t\t\t\t\t<div style=\"border-bottom: 2px dotted #283a50;\"> <\/div>\t\t\t\t<\/div>\n\t\t\t\t<\/div>\n\t\t\t\t\t<\/div>\n\t\t<\/div>\n\t\t\t\t<div class=\"elementor-column elementor-col-33 elementor-top-column elementor-element elementor-element-7ba5ce5\" data-id=\"7ba5ce5\" data-element_type=\"column\">\n\t\t\t<div class=\"elementor-widget-wrap elementor-element-populated\">\n\t\t\t\t\t\t<div class=\"elementor-element elementor-element-6096b327 elementor-widget elementor-widget-spacer\" data-id=\"6096b327\" data-element_type=\"widget\" data-widget_type=\"spacer.default\">\n\t\t\t\t<div class=\"elementor-widget-container\">\n\t\t\t\t\t\t\t<div class=\"elementor-spacer\">\n\t\t\t<div class=\"elementor-spacer-inner\"><\/div>\n\t\t<\/div>\n\t\t\t\t\t\t<\/div>\n\t\t\t\t<\/div>\n\t\t\t\t<div class=\"elementor-element elementor-element-47fa2538 elementor-widget elementor-widget-heading\" data-id=\"47fa2538\" data-element_type=\"widget\" data-widget_type=\"heading.default\">\n\t\t\t\t<div class=\"elementor-widget-container\">\n\t\t\t\t\t<h2 class=\"elementor-heading-title elementor-size-default\"><strong>rematr\u00edculaS 100% on-line<\/strong><\/h2>\t\t\t\t<\/div>\n\t\t\t\t<\/div>\n\t\t\t\t\t<\/div>\n\t\t<\/div>\n\t\t\t\t<div class=\"elementor-column elementor-col-33 elementor-top-column elementor-element elementor-element-79426e3b\" data-id=\"79426e3b\" data-element_type=\"column\">\n\t\t\t<div class=\"elementor-widget-wrap elementor-element-populated\">\n\t\t\t\t\t\t<div class=\"elementor-element elementor-element-c429a7a elementor-widget elementor-widget-spacer\" data-id=\"c429a7a\" data-element_type=\"widget\" data-widget_type=\"spacer.default\">\n\t\t\t\t<div class=\"elementor-widget-container\">\n\t\t\t\t\t\t\t<div class=\"elementor-spacer\">\n\t\t\t<div class=\"elementor-spacer-inner\"><\/div>\n\t\t<\/div>\n\t\t\t\t\t\t<\/div>\n\t\t\t\t<\/div>\n\t\t\t\t<div class=\"elementor-element elementor-element-6b5d7023 elementor-widget elementor-widget-html\" data-id=\"6b5d7023\" data-element_type=\"widget\" data-widget_type=\"html.default\">\n\t\t\t\t<div class=\"elementor-widget-container\">\n\t\t\t\t\t<div style=\"border-bottom: 2px dotted #283a50;\"> <\/div>\t\t\t\t<\/div>\n\t\t\t\t<\/div>\n\t\t\t\t\t<\/div>\n\t\t<\/div>\n\t\t\t\t\t<\/div>\n\t\t<\/section>\n\t\t\t\t<section class=\"elementor-section elementor-top-section elementor-element elementor-element-1469d87a elementor-section-stretched elementor-section-full_width elementor-section-height-default elementor-section-height-default\" data-id=\"1469d87a\" data-element_type=\"section\" data-settings=\"{&quot;stretch_section&quot;:&quot;section-stretched&quot;,&quot;background_background&quot;:&quot;classic&quot;}\">\n\t\t\t\t\t\t<div class=\"elementor-container elementor-column-gap-default\">\n\t\t\t\t\t<div class=\"elementor-column elementor-col-100 elementor-top-column elementor-element elementor-element-677a0a5\" data-id=\"677a0a5\" data-element_type=\"column\">\n\t\t\t<div class=\"elementor-widget-wrap elementor-element-populated\">\n\t\t\t\t\t\t<div class=\"elementor-element elementor-element-3fd57cf8 elementor-widget elementor-widget-heading\" data-id=\"3fd57cf8\" data-element_type=\"widget\" data-widget_type=\"heading.default\">\n\t\t\t\t<div class=\"elementor-widget-container\">\n\t\t\t\t\t<h2 class=\"elementor-heading-title elementor-size-default\"><strong>REMATR\u00cdCULA ENSINO  FUNDAMENTAL 2<\/strong><\/h2>\t\t\t\t<\/div>\n\t\t\t\t<\/div>\n\t\t\t\t\t<\/div>\n\t\t<\/div>\n\t\t\t\t\t<\/div>\n\t\t<\/section>\n\t\t\t\t<section class=\"elementor-section elementor-top-section elementor-element elementor-element-269f6fae elementor-section-stretched elementor-section-boxed elementor-section-height-default elementor-section-height-default\" data-id=\"269f6fae\" data-element_type=\"section\" data-settings=\"{&quot;stretch_section&quot;:&quot;section-stretched&quot;,&quot;background_background&quot;:&quot;classic&quot;}\">\n\t\t\t\t\t\t<div class=\"elementor-container elementor-column-gap-default\">\n\t\t\t\t\t<div class=\"elementor-column elementor-col-33 elementor-top-column elementor-element elementor-element-409b953d\" data-id=\"409b953d\" data-element_type=\"column\">\n\t\t\t<div class=\"elementor-widget-wrap elementor-element-populated\">\n\t\t\t\t\t\t<div class=\"elementor-element elementor-element-60415e84 elementor-widget elementor-widget-image\" data-id=\"60415e84\" data-element_type=\"widget\" data-widget_type=\"image.default\">\n\t\t\t\t<div class=\"elementor-widget-container\">\n\t\t\t\t\t\t\t\t\t\t\t\t\t\t\t\t<a href=\"https:\/\/eadbentoquirino.com.br\/ead\/produto\/rematricula-ensino-fundamental-7o-ano-para-ano-letivo-2026\/\">\n\t\t\t\t\t\t\t<img fetchpriority=\"high\" decoding=\"async\" width=\"300\" height=\"300\" src=\"https:\/\/eadbentoquirino.com.br\/ead\/wp-content\/uploads\/2023\/09\/rematricula-7-1-300x300.png\" class=\"attachment-medium size-medium wp-image-28949\" alt=\"\" srcset=\"https:\/\/eadbentoquirino.com.br\/ead\/wp-content\/uploads\/2023\/09\/rematricula-7-1-300x300.png 300w, https:\/\/eadbentoquirino.com.br\/ead\/wp-content\/uploads\/2023\/09\/rematricula-7-1-1024x1024.png 1024w, https:\/\/eadbentoquirino.com.br\/ead\/wp-content\/uploads\/2023\/09\/rematricula-7-1-150x150.png 150w, https:\/\/eadbentoquirino.com.br\/ead\/wp-content\/uploads\/2023\/09\/rematricula-7-1-768x767.png 768w, https:\/\/eadbentoquirino.com.br\/ead\/wp-content\/uploads\/2023\/09\/rematricula-7-1-600x599.png 600w, https:\/\/eadbentoquirino.com.br\/ead\/wp-content\/uploads\/2023\/09\/rematricula-7-1-100x100.png 100w, https:\/\/eadbentoquirino.com.br\/ead\/wp-content\/uploads\/2023\/09\/rematricula-7-1.png 1081w\" sizes=\"(max-width: 300px) 100vw, 300px\" \/>\t\t\t\t\t\t\t\t<\/a>\n\t\t\t\t\t\t\t\t\t\t\t\t\t\t\t<\/div>\n\t\t\t\t<\/div>\n\t\t\t\t<div class=\"elementor-element elementor-element-2c1d7d12 elementor-widget elementor-widget-heading\" data-id=\"2c1d7d12\" data-element_type=\"widget\" data-widget_type=\"heading.default\">\n\t\t\t\t<div class=\"elementor-widget-container\">\n\t\t\t\t\t<h2 class=\"elementor-heading-title elementor-size-default\"><a href=\"https:\/\/eadbentoquirino.com.br\/ead\/produto\/rematricula-ensino-fundamental-7o-ano-para-ano-letivo-2026\/\"><strong>Fundamental\n 7\u00baano   <\/strong> <\/a><\/h2>\t\t\t\t<\/div>\n\t\t\t\t<\/div>\n\t\t\t\t\t<\/div>\n\t\t<\/div>\n\t\t\t\t<div class=\"elementor-column elementor-col-33 elementor-top-column elementor-element elementor-element-bac12af\" data-id=\"bac12af\" data-element_type=\"column\">\n\t\t\t<div class=\"elementor-widget-wrap elementor-element-populated\">\n\t\t\t\t\t\t<div class=\"elementor-element elementor-element-18d759b6 elementor-widget elementor-widget-image\" data-id=\"18d759b6\" data-element_type=\"widget\" data-widget_type=\"image.default\">\n\t\t\t\t<div class=\"elementor-widget-container\">\n\t\t\t\t\t\t\t\t\t\t\t\t\t\t\t\t<a href=\"https:\/\/eadbentoquirino.com.br\/ead\/produto\/rematricula-ensino-fundamental-8o-ano-para-ano-letivo-2026\/\">\n\t\t\t\t\t\t\t<img decoding=\"async\" width=\"300\" height=\"300\" src=\"https:\/\/eadbentoquirino.com.br\/ead\/wp-content\/uploads\/2023\/09\/rematricula-8-300x300.png\" class=\"attachment-medium size-medium wp-image-28947\" alt=\"\" srcset=\"https:\/\/eadbentoquirino.com.br\/ead\/wp-content\/uploads\/2023\/09\/rematricula-8-300x300.png 300w, https:\/\/eadbentoquirino.com.br\/ead\/wp-content\/uploads\/2023\/09\/rematricula-8-1024x1024.png 1024w, https:\/\/eadbentoquirino.com.br\/ead\/wp-content\/uploads\/2023\/09\/rematricula-8-150x150.png 150w, https:\/\/eadbentoquirino.com.br\/ead\/wp-content\/uploads\/2023\/09\/rematricula-8-768x768.png 768w, https:\/\/eadbentoquirino.com.br\/ead\/wp-content\/uploads\/2023\/09\/rematricula-8-600x600.png 600w, https:\/\/eadbentoquirino.com.br\/ead\/wp-content\/uploads\/2023\/09\/rematricula-8-100x100.png 100w, https:\/\/eadbentoquirino.com.br\/ead\/wp-content\/uploads\/2023\/09\/rematricula-8.png 1080w\" sizes=\"(max-width: 300px) 100vw, 300px\" \/>\t\t\t\t\t\t\t\t<\/a>\n\t\t\t\t\t\t\t\t\t\t\t\t\t\t\t<\/div>\n\t\t\t\t<\/div>\n\t\t\t\t<div class=\"elementor-element elementor-element-4b923985 elementor-widget elementor-widget-heading\" data-id=\"4b923985\" data-element_type=\"widget\" data-widget_type=\"heading.default\">\n\t\t\t\t<div class=\"elementor-widget-container\">\n\t\t\t\t\t<h2 class=\"elementor-heading-title elementor-size-default\"><a href=\"https:\/\/eadbentoquirino.com.br\/ead\/produto\/rematricula-ensino-fundamental-8o-ano-para-ano-letivo-2026\/\"><strong>Fundamental 8\u00baano<\/strong><\/a><\/h2>\t\t\t\t<\/div>\n\t\t\t\t<\/div>\n\t\t\t\t\t<\/div>\n\t\t<\/div>\n\t\t\t\t<div class=\"elementor-column elementor-col-33 elementor-top-column elementor-element elementor-element-77e419a0\" data-id=\"77e419a0\" data-element_type=\"column\">\n\t\t\t<div class=\"elementor-widget-wrap elementor-element-populated\">\n\t\t\t\t\t\t<div class=\"elementor-element elementor-element-3c38129e elementor-widget elementor-widget-image\" data-id=\"3c38129e\" data-element_type=\"widget\" data-widget_type=\"image.default\">\n\t\t\t\t<div class=\"elementor-widget-container\">\n\t\t\t\t\t\t\t\t\t\t\t\t\t\t\t\t<a href=\"https:\/\/eadbentoquirino.com.br\/ead\/produto\/rematricula-ensino-fundamental-9o-ano-para-ano-letivo-2026\/\">\n\t\t\t\t\t\t\t<img decoding=\"async\" width=\"300\" height=\"300\" src=\"https:\/\/eadbentoquirino.com.br\/ead\/wp-content\/uploads\/2023\/09\/rematricula-9-1-300x300.png\" class=\"attachment-medium size-medium wp-image-28948\" alt=\"\" srcset=\"https:\/\/eadbentoquirino.com.br\/ead\/wp-content\/uploads\/2023\/09\/rematricula-9-1-300x300.png 300w, https:\/\/eadbentoquirino.com.br\/ead\/wp-content\/uploads\/2023\/09\/rematricula-9-1-1024x1024.png 1024w, https:\/\/eadbentoquirino.com.br\/ead\/wp-content\/uploads\/2023\/09\/rematricula-9-1-150x150.png 150w, https:\/\/eadbentoquirino.com.br\/ead\/wp-content\/uploads\/2023\/09\/rematricula-9-1-768x767.png 768w, https:\/\/eadbentoquirino.com.br\/ead\/wp-content\/uploads\/2023\/09\/rematricula-9-1-600x599.png 600w, https:\/\/eadbentoquirino.com.br\/ead\/wp-content\/uploads\/2023\/09\/rematricula-9-1-100x100.png 100w, https:\/\/eadbentoquirino.com.br\/ead\/wp-content\/uploads\/2023\/09\/rematricula-9-1.png 1081w\" sizes=\"(max-width: 300px) 100vw, 300px\" \/>\t\t\t\t\t\t\t\t<\/a>\n\t\t\t\t\t\t\t\t\t\t\t\t\t\t\t<\/div>\n\t\t\t\t<\/div>\n\t\t\t\t<div class=\"elementor-element elementor-element-26fef3cb elementor-widget elementor-widget-heading\" data-id=\"26fef3cb\" data-element_type=\"widget\" data-widget_type=\"heading.default\">\n\t\t\t\t<div class=\"elementor-widget-container\">\n\t\t\t\t\t<h2 class=\"elementor-heading-title elementor-size-default\"><a href=\"https:\/\/eadbentoquirino.com.br\/ead\/produto\/rematricula-ensino-fundamental-9o-ano-para-ano-letivo-2026\/\"><strong>Fundamental 9\u00baano<\/strong><\/a><\/h2>\t\t\t\t<\/div>\n\t\t\t\t<\/div>\n\t\t\t\t\t<\/div>\n\t\t<\/div>\n\t\t\t\t\t<\/div>\n\t\t<\/section>\n\t\t\t\t<section class=\"elementor-section elementor-top-section elementor-element elementor-element-d978887 elementor-section-stretched elementor-section-full_width elementor-section-height-default elementor-section-height-default\" data-id=\"d978887\" data-element_type=\"section\" data-settings=\"{&quot;stretch_section&quot;:&quot;section-stretched&quot;,&quot;background_background&quot;:&quot;classic&quot;}\">\n\t\t\t\t\t\t<div class=\"elementor-container elementor-column-gap-default\">\n\t\t\t\t\t<div class=\"elementor-column elementor-col-100 elementor-top-column elementor-element elementor-element-66a35c6\" data-id=\"66a35c6\" data-element_type=\"column\">\n\t\t\t<div class=\"elementor-widget-wrap elementor-element-populated\">\n\t\t\t\t\t\t<div class=\"elementor-element elementor-element-f8ec628 elementor-widget elementor-widget-heading\" data-id=\"f8ec628\" data-element_type=\"widget\" data-widget_type=\"heading.default\">\n\t\t\t\t<div class=\"elementor-widget-container\">\n\t\t\t\t\t<h2 class=\"elementor-heading-title elementor-size-default\"><strong>REMATR\u00cdCULA ENSINO M\u00c9DIO + T\u00c9CNICO<\/strong><\/h2>\t\t\t\t<\/div>\n\t\t\t\t<\/div>\n\t\t\t\t\t<\/div>\n\t\t<\/div>\n\t\t\t\t\t<\/div>\n\t\t<\/section>\n\t\t\t\t<section class=\"elementor-section elementor-top-section elementor-element elementor-element-698c7801 elementor-section-stretched elementor-section-boxed elementor-section-height-default elementor-section-height-default\" data-id=\"698c7801\" data-element_type=\"section\" data-settings=\"{&quot;stretch_section&quot;:&quot;section-stretched&quot;,&quot;background_background&quot;:&quot;classic&quot;}\">\n\t\t\t\t\t\t<div class=\"elementor-container elementor-column-gap-default\">\n\t\t\t\t\t<div class=\"elementor-column elementor-col-50 elementor-top-column elementor-element elementor-element-2fd312db\" data-id=\"2fd312db\" data-element_type=\"column\">\n\t\t\t<div class=\"elementor-widget-wrap elementor-element-populated\">\n\t\t\t\t\t\t<div class=\"elementor-element elementor-element-2cd7c412 elementor-widget elementor-widget-image\" data-id=\"2cd7c412\" data-element_type=\"widget\" data-widget_type=\"image.default\">\n\t\t\t\t<div class=\"elementor-widget-container\">\n\t\t\t\t\t\t\t\t\t\t\t\t\t\t\t\t<a href=\"https:\/\/eadbentoquirino.com.br\/ead\/produto\/rematricula-ensino-medio-ensino-tecnico-2oano-ano-letivo-2026\/\">\n\t\t\t\t\t\t\t<img loading=\"lazy\" decoding=\"async\" width=\"300\" height=\"300\" src=\"https:\/\/eadbentoquirino.com.br\/ead\/wp-content\/uploads\/2023\/11\/rematricula-2o-300x300.png\" class=\"attachment-medium size-medium wp-image-31768\" alt=\"\" srcset=\"https:\/\/eadbentoquirino.com.br\/ead\/wp-content\/uploads\/2023\/11\/rematricula-2o-300x300.png 300w, https:\/\/eadbentoquirino.com.br\/ead\/wp-content\/uploads\/2023\/11\/rematricula-2o-1024x1024.png 1024w, https:\/\/eadbentoquirino.com.br\/ead\/wp-content\/uploads\/2023\/11\/rematricula-2o-150x150.png 150w, https:\/\/eadbentoquirino.com.br\/ead\/wp-content\/uploads\/2023\/11\/rematricula-2o-768x768.png 768w, https:\/\/eadbentoquirino.com.br\/ead\/wp-content\/uploads\/2023\/11\/rematricula-2o-600x600.png 600w, https:\/\/eadbentoquirino.com.br\/ead\/wp-content\/uploads\/2023\/11\/rematricula-2o-100x100.png 100w, https:\/\/eadbentoquirino.com.br\/ead\/wp-content\/uploads\/2023\/11\/rematricula-2o.png 1080w\" sizes=\"(max-width: 300px) 100vw, 300px\" \/>\t\t\t\t\t\t\t\t<\/a>\n\t\t\t\t\t\t\t\t\t\t\t\t\t\t\t<\/div>\n\t\t\t\t<\/div>\n\t\t\t\t<div class=\"elementor-element elementor-element-10eb0685 elementor-widget elementor-widget-heading\" data-id=\"10eb0685\" data-element_type=\"widget\" data-widget_type=\"heading.default\">\n\t\t\t\t<div class=\"elementor-widget-container\">\n\t\t\t\t\t<h2 class=\"elementor-heading-title elementor-size-default\"><a href=\"https:\/\/eadbentoquirino.com.br\/ead\/produto\/rematricula-ensino-medio-ensino-tecnico-2oano-ano-letivo-2026\/\"><strong>Ensino M\u00e9dio 2\u00baano<\/strong><\/a><\/h2>\t\t\t\t<\/div>\n\t\t\t\t<\/div>\n\t\t\t\t\t<\/div>\n\t\t<\/div>\n\t\t\t\t<div class=\"elementor-column elementor-col-50 elementor-top-column elementor-element elementor-element-624e1363\" data-id=\"624e1363\" data-element_type=\"column\">\n\t\t\t<div class=\"elementor-widget-wrap elementor-element-populated\">\n\t\t\t\t\t\t<div class=\"elementor-element elementor-element-7e3f0742 elementor-widget elementor-widget-image\" data-id=\"7e3f0742\" data-element_type=\"widget\" data-widget_type=\"image.default\">\n\t\t\t\t<div class=\"elementor-widget-container\">\n\t\t\t\t\t\t\t\t\t\t\t\t\t\t\t\t<a href=\"https:\/\/eadbentoquirino.com.br\/ead\/produto\/rematricula-ensino-medio-ensino-tecnico-3oano-ano-letivo-2026\/\">\n\t\t\t\t\t\t\t<img loading=\"lazy\" decoding=\"async\" width=\"300\" height=\"300\" src=\"https:\/\/eadbentoquirino.com.br\/ead\/wp-content\/uploads\/2023\/11\/rematricula-3o-300x300.png\" class=\"attachment-medium size-medium wp-image-31767\" alt=\"\" srcset=\"https:\/\/eadbentoquirino.com.br\/ead\/wp-content\/uploads\/2023\/11\/rematricula-3o-300x300.png 300w, https:\/\/eadbentoquirino.com.br\/ead\/wp-content\/uploads\/2023\/11\/rematricula-3o-1024x1024.png 1024w, https:\/\/eadbentoquirino.com.br\/ead\/wp-content\/uploads\/2023\/11\/rematricula-3o-150x150.png 150w, https:\/\/eadbentoquirino.com.br\/ead\/wp-content\/uploads\/2023\/11\/rematricula-3o-768x768.png 768w, https:\/\/eadbentoquirino.com.br\/ead\/wp-content\/uploads\/2023\/11\/rematricula-3o-600x600.png 600w, https:\/\/eadbentoquirino.com.br\/ead\/wp-content\/uploads\/2023\/11\/rematricula-3o-100x100.png 100w, https:\/\/eadbentoquirino.com.br\/ead\/wp-content\/uploads\/2023\/11\/rematricula-3o.png 1080w\" sizes=\"(max-width: 300px) 100vw, 300px\" \/>\t\t\t\t\t\t\t\t<\/a>\n\t\t\t\t\t\t\t\t\t\t\t\t\t\t\t<\/div>\n\t\t\t\t<\/div>\n\t\t\t\t<div class=\"elementor-element elementor-element-4ab4e600 elementor-widget elementor-widget-heading\" data-id=\"4ab4e600\" data-element_type=\"widget\" data-widget_type=\"heading.default\">\n\t\t\t\t<div class=\"elementor-widget-container\">\n\t\t\t\t\t<h2 class=\"elementor-heading-title elementor-size-default\"><a href=\"https:\/\/eadbentoquirino.com.br\/ead\/produto\/rematricula-ensino-medio-ensino-tecnico-3oano-ano-letivo-2026\/\"><strong>Ensino M\u00e9dio  3\u00baano<\/strong><\/a><\/h2>\t\t\t\t<\/div>\n\t\t\t\t<\/div>\n\t\t\t\t\t<\/div>\n\t\t<\/div>\n\t\t\t\t\t<\/div>\n\t\t<\/section>\n\t\t\t\t<section class=\"elementor-section elementor-top-section elementor-element elementor-element-ef41351 elementor-section-stretched elementor-section-boxed elementor-section-height-default elementor-section-height-default\" data-id=\"ef41351\" data-element_type=\"section\" data-settings=\"{&quot;stretch_section&quot;:&quot;section-stretched&quot;,&quot;background_background&quot;:&quot;classic&quot;}\">\n\t\t\t\t\t\t<div class=\"elementor-container elementor-column-gap-default\">\n\t\t\t\t\t<div class=\"elementor-column elementor-col-100 elementor-top-column elementor-element elementor-element-507281b\" data-id=\"507281b\" data-element_type=\"column\">\n\t\t\t<div class=\"elementor-widget-wrap elementor-element-populated\">\n\t\t\t\t\t\t<div class=\"elementor-element elementor-element-2b0f442 elementor-widget elementor-widget-heading\" data-id=\"2b0f442\" data-element_type=\"widget\" data-widget_type=\"heading.default\">\n\t\t\t\t<div class=\"elementor-widget-container\">\n\t\t\t\t\t<h2 class=\"elementor-heading-title elementor-size-default\"><a href=\"https:\/\/www.youtube.com\/watch?v=0UXq9AutAPo&#038;feature=youtu.be\"><strong>V\u00cdDEO TUTORIAL REMATR\u00cdCULA ON-LINE <\/strong><\/a><\/h2>\t\t\t\t<\/div>\n\t\t\t\t<\/div>\n\t\t\t\t<div class=\"elementor-element elementor-element-99e5590 elementor-widget elementor-widget-video\" data-id=\"99e5590\" data-element_type=\"widget\" data-settings=\"{&quot;youtube_url&quot;:&quot;https:\\\/\\\/youtu.be\\\/JaBRA5pU65s&quot;,&quot;video_type&quot;:&quot;youtube&quot;,&quot;controls&quot;:&quot;yes&quot;}\" data-widget_type=\"video.default\">\n\t\t\t\t<div class=\"elementor-widget-container\">\n\t\t\t\t\t\t\t<div class=\"elementor-wrapper elementor-open-inline\">\n\t\t\t<div class=\"elementor-video\"><\/div>\t\t<\/div>\n\t\t\t\t\t\t<\/div>\n\t\t\t\t<\/div>\n\t\t\t\t\t<\/div>\n\t\t<\/div>\n\t\t\t\t\t<\/div>\n\t\t<\/section>\n\t\t\t\t<\/div>\n\t\t","protected":false},"excerpt":{"rendered":"<p>rematr\u00edculaS 100% on-line REMATR\u00cdCULA ENSINO FUNDAMENTAL 2 Fundamental 7\u00baano Fundamental&hellip;<\/p>\n<p> <a class=\"more-link\" href=\"https:\/\/eadbentoquirino.com.br\/ead\/rematricula-2026\/\">Leia mais<\/a><\/p>\n","protected":false},"author":1,"featured_media":0,"parent":0,"menu_order":0,"comment_status":"closed","ping_status":"closed","template":"","meta":{"footnotes":""},"class_list":["post-14430","page","type-page","status-publish"],"jetpack_sharing_enabled":true,"_links":{"self":[{"href":"https:\/\/eadbentoquirino.com.br\/ead\/wp-json\/wp\/v2\/pages\/14430","targetHints":{"allow":["GET"]}}],"collection":[{"href":"https:\/\/eadbentoquirino.com.br\/ead\/wp-json\/wp\/v2\/pages"}],"about":[{"href":"https:\/\/eadbentoquirino.com.br\/ead\/wp-json\/wp\/v2\/types\/page"}],"author":[{"embeddable":true,"href":"https:\/\/eadbentoquirino.com.br\/ead\/wp-json\/wp\/v2\/users\/1"}],"replies":[{"embeddable":true,"href":"https:\/\/eadbentoquirino.com.br\/ead\/wp-json\/wp\/v2\/comments?post=14430"}],"version-history":[{"count":56,"href":"https:\/\/eadbentoquirino.com.br\/ead\/wp-json\/wp\/v2\/pages\/14430\/revisions"}],"predecessor-version":[{"id":37639,"href":"https:\/\/eadbentoquirino.com.br\/ead\/wp-json\/wp\/v2\/pages\/14430\/revisions\/37639"}],"wp:attachment":[{"href":"https:\/\/eadbentoquirino.com.br\/ead\/wp-json\/wp\/v2\/media?parent=14430"}],"curies":[{"name":"wp","href":"https:\/\/api.w.org\/{rel}","templated":true}]}}