{"id":11569,"date":"2020-05-24T12:49:29","date_gmt":"2020-05-24T12:49:29","guid":{"rendered":"https:\/\/eadbentoquirino.com.br\/ead\/?page_id=11569"},"modified":"2020-10-15T01:58:26","modified_gmt":"2020-10-15T01:58:26","slug":"portais-ead","status":"publish","type":"page","link":"https:\/\/eadbentoquirino.com.br\/ead\/portais-ead\/","title":{"rendered":"Portais EaD"},"content":{"rendered":"\t\t<div data-elementor-type=\"wp-page\" data-elementor-id=\"11569\" class=\"elementor elementor-11569\" data-elementor-post-type=\"page\">\n\t\t\t\t\t\t<section class=\"elementor-section elementor-top-section elementor-element elementor-element-60dc4ad1 elementor-section-boxed elementor-section-height-default elementor-section-height-default\" data-id=\"60dc4ad1\" data-element_type=\"section\" data-settings=\"{&quot;background_background&quot;:&quot;classic&quot;}\">\n\t\t\t\t\t\t<div class=\"elementor-container elementor-column-gap-default\">\n\t\t\t\t\t<div class=\"elementor-column elementor-col-100 elementor-top-column elementor-element elementor-element-36d1e2c1\" data-id=\"36d1e2c1\" data-element_type=\"column\">\n\t\t\t<div class=\"elementor-widget-wrap elementor-element-populated\">\n\t\t\t\t\t\t<div class=\"elementor-element elementor-element-bbed7d5 elementor-widget elementor-widget-heading\" data-id=\"bbed7d5\" data-element_type=\"widget\" data-widget_type=\"heading.default\">\n\t\t\t\t<div class=\"elementor-widget-container\">\n\t\t\t\t\t<h2 class=\"elementor-heading-title elementor-size-default\">Conhe\u00e7a os nossos portais de Educa\u00e7\u00e3o a Dist\u00e2ncia:\n<\/h2>\t\t\t\t<\/div>\n\t\t\t\t<\/div>\n\t\t\t\t\t<\/div>\n\t\t<\/div>\n\t\t\t\t\t<\/div>\n\t\t<\/section>\n\t\t\t\t<section class=\"elementor-section elementor-top-section elementor-element elementor-element-576e28fb elementor-section-boxed elementor-section-height-default elementor-section-height-default\" data-id=\"576e28fb\" data-element_type=\"section\" data-settings=\"{&quot;background_background&quot;:&quot;classic&quot;}\">\n\t\t\t\t\t\t<div class=\"elementor-container elementor-column-gap-default\">\n\t\t\t\t\t<div class=\"elementor-column elementor-col-66 elementor-top-column elementor-element elementor-element-9316c06\" data-id=\"9316c06\" data-element_type=\"column\">\n\t\t\t<div class=\"elementor-widget-wrap elementor-element-populated\">\n\t\t\t\t\t\t<div class=\"elementor-element elementor-element-73831efa elementor-widget elementor-widget-image\" data-id=\"73831efa\" data-element_type=\"widget\" data-widget_type=\"image.default\">\n\t\t\t\t<div class=\"elementor-widget-container\">\n\t\t\t\t\t\t\t\t\t\t\t\t\t\t\t<img fetchpriority=\"high\" decoding=\"async\" width=\"278\" height=\"400\" src=\"https:\/\/eadbentoquirino.com.br\/ead\/wp-content\/uploads\/2020\/05\/Ead-portal-bentinho.jpg\" class=\"attachment-large size-large wp-image-11656\" alt=\"\" srcset=\"https:\/\/eadbentoquirino.com.br\/ead\/wp-content\/uploads\/2020\/05\/Ead-portal-bentinho.jpg 278w, https:\/\/eadbentoquirino.com.br\/ead\/wp-content\/uploads\/2020\/05\/Ead-portal-bentinho-209x300.jpg 209w\" sizes=\"(max-width: 278px) 100vw, 278px\" \/>\t\t\t\t\t\t\t\t\t\t\t\t\t\t\t<\/div>\n\t\t\t\t<\/div>\n\t\t\t\t\t<\/div>\n\t\t<\/div>\n\t\t\t\t<div class=\"elementor-column elementor-col-33 elementor-top-column elementor-element elementor-element-1ac7d516\" data-id=\"1ac7d516\" data-element_type=\"column\">\n\t\t\t<div class=\"elementor-widget-wrap elementor-element-populated\">\n\t\t\t\t\t\t<div class=\"elementor-element elementor-element-b11ac1a elementor-widget elementor-widget-image\" data-id=\"b11ac1a\" data-element_type=\"widget\" data-widget_type=\"image.default\">\n\t\t\t\t<div class=\"elementor-widget-container\">\n\t\t\t\t\t\t\t\t\t\t\t\t\t\t\t<img decoding=\"async\" width=\"278\" height=\"400\" src=\"https:\/\/eadbentoquirino.com.br\/ead\/wp-content\/uploads\/2020\/05\/Ead-portal-ipep.jpg\" class=\"attachment-large size-large wp-image-11658\" alt=\"\" srcset=\"https:\/\/eadbentoquirino.com.br\/ead\/wp-content\/uploads\/2020\/05\/Ead-portal-ipep.jpg 278w, https:\/\/eadbentoquirino.com.br\/ead\/wp-content\/uploads\/2020\/05\/Ead-portal-ipep-209x300.jpg 209w\" sizes=\"(max-width: 278px) 100vw, 278px\" \/>\t\t\t\t\t\t\t\t\t\t\t\t\t\t\t<\/div>\n\t\t\t\t<\/div>\n\t\t\t\t\t<\/div>\n\t\t<\/div>\n\t\t\t\t\t<\/div>\n\t\t<\/section>\n\t\t\t\t<\/div>\n\t\t","protected":false},"excerpt":{"rendered":"<p>Conhe\u00e7a os nossos portais de Educa\u00e7\u00e3o a Dist\u00e2ncia:<\/p>\n","protected":false},"author":1,"featured_media":0,"parent":0,"menu_order":0,"comment_status":"closed","ping_status":"closed","template":"","meta":{"footnotes":""},"class_list":["post-11569","page","type-page","status-publish"],"jetpack_sharing_enabled":true,"_links":{"self":[{"href":"https:\/\/eadbentoquirino.com.br\/ead\/wp-json\/wp\/v2\/pages\/11569","targetHints":{"allow":["GET"]}}],"collection":[{"href":"https:\/\/eadbentoquirino.com.br\/ead\/wp-json\/wp\/v2\/pages"}],"about":[{"href":"https:\/\/eadbentoquirino.com.br\/ead\/wp-json\/wp\/v2\/types\/page"}],"author":[{"embeddable":true,"href":"https:\/\/eadbentoquirino.com.br\/ead\/wp-json\/wp\/v2\/users\/1"}],"replies":[{"embeddable":true,"href":"https:\/\/eadbentoquirino.com.br\/ead\/wp-json\/wp\/v2\/comments?post=11569"}],"version-history":[{"count":3,"href":"https:\/\/eadbentoquirino.com.br\/ead\/wp-json\/wp\/v2\/pages\/11569\/revisions"}],"predecessor-version":[{"id":14444,"href":"https:\/\/eadbentoquirino.com.br\/ead\/wp-json\/wp\/v2\/pages\/11569\/revisions\/14444"}],"wp:attachment":[{"href":"https:\/\/eadbentoquirino.com.br\/ead\/wp-json\/wp\/v2\/media?parent=11569"}],"curies":[{"name":"wp","href":"https:\/\/api.w.org\/{rel}","templated":true}]}}